{"id":1089,"date":"2021-03-20T22:08:45","date_gmt":"2021-03-20T22:08:45","guid":{"rendered":"https:\/\/webteam.pt\/home\/"},"modified":"2023-09-29T10:02:04","modified_gmt":"2023-09-29T10:02:04","slug":"home","status":"publish","type":"page","link":"https:\/\/webteam.pt\/en\/","title":{"rendered":"Home"},"content":{"rendered":"<p>[et_pb_section fb_built=&#8221;1&#8243; fullwidth=&#8221;on&#8221; _builder_version=&#8221;4.16&#8243; _module_preset=&#8221;default&#8221; global_colors_info=&#8221;{}&#8221;][et_pb_fullwidth_slider _builder_version=&#8221;4.16&#8243; _module_preset=&#8221;default&#8221; header_text_color=&#8221;#FFFFFF&#8221; global_colors_info=&#8221;{}&#8221;][et_pb_slide heading=&#8221;We make it simple!&#8221; button_text=&#8221;Schedule meeting&#8221; button_link=&#8221;#global_form&#8221; _builder_version=&#8221;4.16&#8243; _module_preset=&#8221;default&#8221; header_text_color=&#8221;#0C71C3&#8243; body_font_size=&#8221;19px&#8221; background_enable_color=&#8221;off&#8221; use_background_color_gradient=&#8221;on&#8221; background_color_gradient_stops=&#8221;rgba(255,255,255,0.8) 10%|rgba(255,255,255,0.8) 100%&#8221; background_color_gradient_overlays_image=&#8221;on&#8221; background_color_gradient_start=&#8221;rgba(255,255,255,0.8)&#8221; background_color_gradient_start_position=&#8221;10%&#8221; background_color_gradient_end=&#8221;rgba(255,255,255,0.8)&#8221; background_image=&#8221;https:\/\/webteam.pt\/wp-content\/uploads\/2021\/03\/wt_working_1920_b-1.jpg&#8221; background_enable_image=&#8221;on&#8221; background_layout=&#8221;light&#8221; hover_transition_speed_curve=&#8221;linear&#8221; header_font_size_tablet=&#8221;59px&#8221; header_font_size_phone=&#8221;39px&#8221; header_font_size_last_edited=&#8221;on|phone&#8221; global_colors_info=&#8221;{}&#8221; sticky_transition=&#8221;on&#8221;]<\/p>\n<p><strong>We develop simple solutions for complex problems.<\/strong><br \/>Talk to one of our consultants now!<\/p>\n<p>[\/et_pb_slide][\/et_pb_fullwidth_slider][\/et_pb_section][et_pb_section fb_built=&#8221;1&#8243; _builder_version=&#8221;4.16&#8243; _module_preset=&#8221;default&#8221; custom_padding=&#8221;||3px|||&#8221; global_colors_info=&#8221;{}&#8221;][et_pb_row _builder_version=&#8221;4.16&#8243; _module_preset=&#8221;default&#8221; custom_padding=&#8221;||5px|||&#8221; global_colors_info=&#8221;{}&#8221;][et_pb_column type=&#8221;4_4&#8243; _builder_version=&#8221;4.16&#8243; _module_preset=&#8221;default&#8221; global_colors_info=&#8221;{}&#8221;][dvmd_typewriter content_string=&#8221;pronto a usar moderno e escal\u00e1vel \u00e0 medida dos seus projetos!&#8221; content_breaks=&#8221;delete&#8221; prefix=&#8221;Software  &#8221; loop=&#8221;on&#8221; loop_delay=&#8221;5000ms&#8221; cursor_color=&#8221;#0f9fff&#8221; _builder_version=&#8221;4.16&#8243; _module_preset=&#8221;default&#8221; text_text_align=&#8221;center&#8221; text_text_color=&#8221;#0C71C3&#8243; text_font_size=&#8221;59px&#8221; prefix_text_color=&#8221;#2b2b2b&#8221; suffix_text_color=&#8221;#0C71C3&#8243; custom_margin=&#8221;||6px|||&#8221; text_font_size_tablet=&#8221;&#8221; text_font_size_phone=&#8221;30px&#8221; text_font_size_last_edited=&#8221;on|phone&#8221; global_colors_info=&#8221;{}&#8221;][\/dvmd_typewriter][\/et_pb_column][\/et_pb_row][et_pb_row _builder_version=&#8221;4.16&#8243; _module_preset=&#8221;default&#8221; custom_padding=&#8221;4px|||||&#8221; global_colors_info=&#8221;{}&#8221;][et_pb_column type=&#8221;4_4&#8243; _builder_version=&#8221;4.16&#8243; _module_preset=&#8221;default&#8221; global_colors_info=&#8221;{}&#8221;][et_pb_cta button_text=&#8221;Click Here&#8221; _builder_version=&#8221;4.22.2&#8243; _module_preset=&#8221;default&#8221; body_font_size=&#8221;19.8px&#8221; background_color=&#8221;RGBA(0,0,0,0)&#8221; background_layout=&#8221;light&#8221; custom_padding=&#8221;5px|||||&#8221; global_colors_info=&#8221;{}&#8221;]<\/p>\n<p>Solutions to your challenges with custom development or ready-made software suited to your business.<br \/>Software for the real estate sector, online auctions, food and mass consumption, retail, and many other sectors. <strong><br \/>Challenge us with your ideas!<\/strong><\/p>\n<p>[\/et_pb_cta][\/et_pb_column][\/et_pb_row][\/et_pb_section][et_pb_section fb_built=&#8221;1&#8243; _builder_version=&#8221;4.16&#8243; _module_preset=&#8221;default&#8221; background_enable_color=&#8221;off&#8221; custom_padding=&#8221;1px||5px|||&#8221; global_colors_info=&#8221;{}&#8221;][et_pb_row column_structure=&#8221;1_4,1_4,1_4,1_4&#8243; use_custom_gutter=&#8221;on&#8221; gutter_width=&#8221;1&#8243; make_equal=&#8221;on&#8221; _builder_version=&#8221;4.16&#8243; _module_preset=&#8221;default&#8221; width=&#8221;100%&#8221; max_width=&#8221;100%&#8221; module_alignment=&#8221;center&#8221; custom_margin=&#8221;|0px||0px|false|false&#8221; custom_padding=&#8221;3px|||||&#8221; global_colors_info=&#8221;{}&#8221;][et_pb_column type=&#8221;1_4&#8243; _builder_version=&#8221;4.16&#8243; _module_preset=&#8221;default&#8221; animation_style=&#8221;slide&#8221; animation_direction=&#8221;left&#8221; animation_delay=&#8221;500ms&#8221; global_colors_info=&#8221;{}&#8221;][et_pb_cta title=&#8221;wtconnector&#8221; _builder_version=&#8221;4.22.2&#8243; _module_preset=&#8221;default&#8221; header_font=&#8221;|700|||||||&#8221; body_font=&#8221;|600|||||||&#8221; body_text_color=&#8221;#000000&#8243; body_font_size=&#8221;15px&#8221; use_background_color_gradient=&#8221;on&#8221; background_color_gradient_stops=&#8221;rgba(255,255,255,0.9) 0%|rgba(255,255,255,0.9) 100%&#8221; background_color_gradient_overlays_image=&#8221;on&#8221; background_color_gradient_start=&#8221;rgba(255,255,255,0.9)&#8221; background_color_gradient_end=&#8221;rgba(255,255,255,0.9)&#8221; background_image=&#8221;https:\/\/webteam.pt\/wp-content\/uploads\/2023\/09\/pexels-george-milton-7034388-1.jpg&#8221; background_layout=&#8221;light&#8221; width=&#8221;100%&#8221; min_height=&#8221;400px&#8221; height=&#8221;400px&#8221; custom_padding=&#8221;110px|40px||40px|false|true&#8221; hover_enabled=&#8221;0&#8243; global_colors_info=&#8221;{}&#8221; _dynamic_attributes=&#8221;link_option_url&#8221; link_option_url=&#8221;@ET-DC@eyJkeW5hbWljIjp0cnVlLCJjb250ZW50IjoicG9zdF9saW5rX3VybF9wYWdlIiwic2V0dGluZ3MiOnsicG9zdF9pZCI6IjEyMjAifX0=@&#8221; sticky_enabled=&#8221;0&#8243;]<\/p>\n<p><span>The <\/span><strong>wtconnector<span> <\/span><\/strong> <span>is the integrated solution for establishing connections between international Property Management Systems and national entities. We automate the sending of IPHH and SIBA surveys and establish connections with billing systems. <\/span><\/p>\n<p>[\/et_pb_cta][\/et_pb_column][et_pb_column type=&#8221;1_4&#8243; _builder_version=&#8221;4.16&#8243; _module_preset=&#8221;default&#8221; animation_style=&#8221;slide&#8221; animation_direction=&#8221;left&#8221; global_colors_info=&#8221;{}&#8221;][et_pb_cta title=&#8221;Food, electronics and mass consumption&#8221; button_text=&#8221;Click Here&#8221; _builder_version=&#8221;4.16&#8243; _module_preset=&#8221;default&#8221; header_font=&#8221;|700|||||||&#8221; body_font=&#8221;|600|||||||&#8221; body_text_color=&#8221;#000000&#8243; body_font_size=&#8221;15px&#8221; use_background_color_gradient=&#8221;on&#8221; background_color_gradient_stops=&#8221;rgba(255,255,255,0.9) 0%|rgba(255,255,255,0.9) 100%&#8221; background_color_gradient_overlays_image=&#8221;on&#8221; background_color_gradient_start=&#8221;rgba(255,255,255,0.9)&#8221; background_color_gradient_end=&#8221;rgba(255,255,255,0.9)&#8221; background_image=&#8221;https:\/\/webteam.pt\/wp-content\/uploads\/2021\/03\/consumer_electronics.jpg&#8221; background_layout=&#8221;light&#8221; width=&#8221;100%&#8221; min_height=&#8221;400px&#8221; height=&#8221;400px&#8221; custom_padding=&#8221;140px|40px||40px|false|true&#8221; global_colors_info=&#8221;{}&#8221;]<\/p>\n<p>Through our subsidiary Field Systems we present robust and effective solutions for companies in these sectors.<\/p>\n<p>[\/et_pb_cta][\/et_pb_column][et_pb_column type=&#8221;1_4&#8243; _builder_version=&#8221;4.16&#8243; _module_preset=&#8221;default&#8221; animation_style=&#8221;slide&#8221; animation_direction=&#8221;right&#8221; global_colors_info=&#8221;{}&#8221;][et_pb_cta title=&#8221;Tailor-made development&#8221; button_text=&#8221;Click Here&#8221; _builder_version=&#8221;4.16&#8243; _module_preset=&#8221;default&#8221; header_font=&#8221;|700|||||||&#8221; body_font=&#8221;|600|||||||&#8221; body_text_color=&#8221;#000000&#8243; body_font_size=&#8221;15px&#8221; use_background_color_gradient=&#8221;on&#8221; background_color_gradient_stops=&#8221;rgba(255,255,255,0.9) 0%|rgba(255,255,255,0.9) 100%&#8221; background_color_gradient_overlays_image=&#8221;on&#8221; background_color_gradient_start=&#8221;rgba(255,255,255,0.9)&#8221; background_color_gradient_end=&#8221;rgba(255,255,255,0.9)&#8221; background_image=&#8221;https:\/\/webteam.pt\/wp-content\/uploads\/2021\/03\/wt_working_1920_b-1.jpg&#8221; background_layout=&#8221;light&#8221; width=&#8221;100%&#8221; min_height=&#8221;400px&#8221; height=&#8221;400px&#8221; custom_padding=&#8221;140px|40px||40px|false|true&#8221; global_colors_info=&#8221;{}&#8221;]<\/p>\n<p>Because ready-to-use doesn&#8217;t always work, we develop solutions tailored to our customers&#8217; needs. <\/p>\n<p>[\/et_pb_cta][\/et_pb_column][et_pb_column type=&#8221;1_4&#8243; _builder_version=&#8221;4.16&#8243; _module_preset=&#8221;default&#8221; animation_style=&#8221;slide&#8221; animation_direction=&#8221;right&#8221; animation_delay=&#8221;500ms&#8221; global_colors_info=&#8221;{}&#8221;][et_pb_cta title=&#8221;REAL ESTATE&#8221; button_text=&#8221;Click Here&#8221; _builder_version=&#8221;4.16&#8243; _module_preset=&#8221;default&#8221; header_font=&#8221;|700|||||||&#8221; body_font=&#8221;|600|||||||&#8221; body_text_color=&#8221;#000000&#8243; body_font_size=&#8221;15px&#8221; use_background_color_gradient=&#8221;on&#8221; background_color_gradient_stops=&#8221;rgba(255,255,255,0.9) 0%|rgba(255,255,255,0.9) 100%&#8221; background_color_gradient_overlays_image=&#8221;on&#8221; background_color_gradient_start=&#8221;rgba(255,255,255,0.9)&#8221; background_color_gradient_end=&#8221;rgba(255,255,255,0.9)&#8221; background_image=&#8221;https:\/\/webteam.pt\/wp-content\/uploads\/2021\/03\/real_estate2.jpg&#8221; background_layout=&#8221;light&#8221; width=&#8221;100%&#8221; min_height=&#8221;400px&#8221; height=&#8221;400px&#8221; custom_padding=&#8221;140px|40px||40px|false|true&#8221; global_colors_info=&#8221;{}&#8221;]<\/p>\n<p>Ready-to-use solutions for real estate agencies and rental and wealth management companies. Tailor-made websites and applications for those who think outside the box.<\/p>\n<p>[\/et_pb_cta][\/et_pb_column][\/et_pb_row][\/et_pb_section][et_pb_section fb_built=&#8221;1&#8243; module_id=&#8221;global_form&#8221; _builder_version=&#8221;4.22.1&#8243; _module_preset=&#8221;default&#8221; custom_padding=&#8221;0px|||||&#8221; animation_style=&#8221;fade&#8221; animation_duration=&#8221;1750ms&#8221; global_module=&#8221;586&#8243; saved_tabs=&#8221;all&#8221; global_colors_info=&#8221;{}&#8221;][et_pb_row _builder_version=&#8221;4.16&#8243; _module_preset=&#8221;default&#8221; width=&#8221;65%&#8221; width_tablet=&#8221;80%&#8221; width_phone=&#8221;95%&#8221; width_last_edited=&#8221;on|phone&#8221; custom_margin=&#8221;-1px|auto||auto||&#8221; custom_padding=&#8221;2px||1px|||&#8221; global_colors_info=&#8221;{}&#8221;][et_pb_column type=&#8221;4_4&#8243; _builder_version=&#8221;4.16&#8243; _module_preset=&#8221;default&#8221; global_colors_info=&#8221;{}&#8221;][et_pb_cta title=&#8221;Discover our solutions&#8221; button_text=&#8221;Click Here&#8221; _builder_version=&#8221;4.22.2&#8243; _module_preset=&#8221;default&#8221; background_color=&#8221;RGBA(0,0,0,0)&#8221; background_layout=&#8221;light&#8221; custom_margin=&#8221;||1px|||&#8221; global_colors_info=&#8221;{}&#8221;]<\/p>\n<p><strong>Speak with us and share your challenges!<\/strong><br \/><span>Fill out the form, if you prefer, send us an email at<\/span> <a href=\"mailto:comercial@webteam.pt\">comercial@webteam.pt <\/a> <br \/>or call <strong><a href=\"tel:+351214005219\">+351 214 005 219<\/a><\/strong><\/p>\n<p>Call cost to the national landline network<\/p>\n<p>[\/et_pb_cta][et_pb_contact_form use_spam_service=&#8221;on&#8221; recaptcha_list=&#8221;Default-0&#8243; email=&#8221;suporte@webteam.pt&#8221; custom_message=&#8221;&#8212;Message Sent via site webteam&#8212;-||et_pb_line_break_holder||||et_pb_line_break_holder||Nome: %%name%%||et_pb_line_break_holder||||et_pb_line_break_holder||Email: %%email%%||et_pb_line_break_holder||||et_pb_line_break_holder||Telefone: %%Phone%%||et_pb_line_break_holder||||et_pb_line_break_holder||Assunto: %%subject%%||et_pb_line_break_holder||||et_pb_line_break_holder||&#8212;&#8212;&#8212;&#8212;&#8212;&#8212;&#8212;&#8212;&#8212;&#8212;&#8212;&#8212;&#8212;&#8212;&#8212;&#8212;&#8212;&#8212;&#8212;&#8212;&#8212;&#8212;&#8212;&#8212;||et_pb_line_break_holder||Mensagem: ||et_pb_line_break_holder||%%Mensagem%%||et_pb_line_break_holder||&#8221; success_message=&#8221;Thanks for your message. We will be brief in our response.&#8221; submit_button_text=&#8221;Send&#8221; _builder_version=&#8221;4.22.1&#8243; _module_preset=&#8221;default&#8221; _unique_id=&#8221;a07a240e-c978-4edd-98b1-e2e8476e13ee&#8221; max_width=&#8221;80%&#8221; max_width_tablet=&#8221;&#8221; max_width_phone=&#8221;&#8221; max_width_last_edited=&#8221;on|phone&#8221; module_alignment=&#8221;center&#8221; min_height_tablet=&#8221;&#8221; min_height_phone=&#8221;&#8221; min_height_last_edited=&#8221;on|phone&#8221; global_colors_info=&#8221;{}&#8221;][et_pb_contact_field field_id=&#8221;Name&#8221; field_title=&#8221;Name&#8221; _builder_version=&#8221;4.16&#8243; global_colors_info=&#8221;{}&#8221; button_text_size__hover_enabled=&#8221;off&#8221; button_one_text_size__hover_enabled=&#8221;off&#8221; button_two_text_size__hover_enabled=&#8221;off&#8221; button_text_color__hover_enabled=&#8221;off&#8221; button_one_text_color__hover_enabled=&#8221;off&#8221; button_two_text_color__hover_enabled=&#8221;off&#8221; button_border_width__hover_enabled=&#8221;off&#8221; button_one_border_width__hover_enabled=&#8221;off&#8221; button_two_border_width__hover_enabled=&#8221;off&#8221; button_border_color__hover_enabled=&#8221;off&#8221; button_one_border_color__hover_enabled=&#8221;off&#8221; button_two_border_color__hover_enabled=&#8221;off&#8221; button_border_radius__hover_enabled=&#8221;off&#8221; button_one_border_radius__hover_enabled=&#8221;off&#8221; button_two_border_radius__hover_enabled=&#8221;off&#8221; button_letter_spacing__hover_enabled=&#8221;off&#8221; button_one_letter_spacing__hover_enabled=&#8221;off&#8221; button_two_letter_spacing__hover_enabled=&#8221;off&#8221; button_bg_color__hover_enabled=&#8221;off&#8221; button_one_bg_color__hover_enabled=&#8221;off&#8221; button_two_bg_color__hover_enabled=&#8221;off&#8221;][\/et_pb_contact_field][et_pb_contact_field field_id=&#8221;Email&#8221; field_title=&#8221;Email &#8221; field_type=&#8221;email&#8221; _builder_version=&#8221;4.16&#8243; global_colors_info=&#8221;{}&#8221; button_text_size__hover_enabled=&#8221;off&#8221; button_one_text_size__hover_enabled=&#8221;off&#8221; button_two_text_size__hover_enabled=&#8221;off&#8221; button_text_color__hover_enabled=&#8221;off&#8221; button_one_text_color__hover_enabled=&#8221;off&#8221; button_two_text_color__hover_enabled=&#8221;off&#8221; button_border_width__hover_enabled=&#8221;off&#8221; button_one_border_width__hover_enabled=&#8221;off&#8221; button_two_border_width__hover_enabled=&#8221;off&#8221; button_border_color__hover_enabled=&#8221;off&#8221; button_one_border_color__hover_enabled=&#8221;off&#8221; button_two_border_color__hover_enabled=&#8221;off&#8221; button_border_radius__hover_enabled=&#8221;off&#8221; button_one_border_radius__hover_enabled=&#8221;off&#8221; button_two_border_radius__hover_enabled=&#8221;off&#8221; button_letter_spacing__hover_enabled=&#8221;off&#8221; button_one_letter_spacing__hover_enabled=&#8221;off&#8221; button_two_letter_spacing__hover_enabled=&#8221;off&#8221; button_bg_color__hover_enabled=&#8221;off&#8221; button_one_bg_color__hover_enabled=&#8221;off&#8221; button_two_bg_color__hover_enabled=&#8221;off&#8221;][\/et_pb_contact_field][et_pb_contact_field field_id=&#8221;Phone&#8221; field_title=&#8221;Telephone&#8221; _builder_version=&#8221;4.16&#8243; _module_preset=&#8221;default&#8221; global_colors_info=&#8221;{}&#8221;][\/et_pb_contact_field][et_pb_contact_field field_id=&#8221;subject&#8221; field_title=&#8221;Subject&#8221; field_type=&#8221;select&#8221; select_options=&#8221;%91{%22value%22:%22Custom development &#8211; Software and applications%22,%22checked%22:0,%22dragID%22:-1},{%22dragID%22:6,%22value%22:%22WTconnector%22,%22checked%22:0},{%22value%22:%22Food, Electronics and Consumer Products Solutions%22,%22checked%22:0,%22dragID%22:1},{%22value%22:%22afluencia.io &#8211; People Counter %22,%22checked%22:0,%22dragID%22:2},{%22value%22:%22Negoceya &#8211; Purchase negotiation platform%22,%22checked%22:0,%22dragID%22:3},{%22value%22:%22Auctys &#8211; Auctions Software%22,%22checked%22:0,%22dragID%22:4},{%22value%22:%22Other%22,%22checked%22:0,%22dragID%22:5}%93&#8243; _builder_version=&#8221;4.22.1&#8243; _module_preset=&#8221;default&#8221; global_colors_info=&#8221;{}&#8221;][\/et_pb_contact_field][et_pb_contact_field field_id=&#8221;Mensagem&#8221; field_title=&#8221;Message&#8221; field_type=&#8221;text&#8221; fullwidth_field=&#8221;on&#8221; _builder_version=&#8221;4.16&#8243; global_colors_info=&#8221;{}&#8221; button_text_size__hover_enabled=&#8221;off&#8221; button_one_text_size__hover_enabled=&#8221;off&#8221; button_two_text_size__hover_enabled=&#8221;off&#8221; button_text_color__hover_enabled=&#8221;off&#8221; button_one_text_color__hover_enabled=&#8221;off&#8221; button_two_text_color__hover_enabled=&#8221;off&#8221; button_border_width__hover_enabled=&#8221;off&#8221; button_one_border_width__hover_enabled=&#8221;off&#8221; button_two_border_width__hover_enabled=&#8221;off&#8221; button_border_color__hover_enabled=&#8221;off&#8221; button_one_border_color__hover_enabled=&#8221;off&#8221; button_two_border_color__hover_enabled=&#8221;off&#8221; button_border_radius__hover_enabled=&#8221;off&#8221; button_one_border_radius__hover_enabled=&#8221;off&#8221; button_two_border_radius__hover_enabled=&#8221;off&#8221; button_letter_spacing__hover_enabled=&#8221;off&#8221; button_one_letter_spacing__hover_enabled=&#8221;off&#8221; button_two_letter_spacing__hover_enabled=&#8221;off&#8221; button_bg_color__hover_enabled=&#8221;off&#8221; button_one_bg_color__hover_enabled=&#8221;off&#8221; button_two_bg_color__hover_enabled=&#8221;off&#8221;][\/et_pb_contact_field][et_pb_contact_field field_id=&#8221;Field_6&#8243; field_title=&#8221;Data processing&#8221; field_type=&#8221;checkbox&#8221; checkbox_options=&#8221;%91{%22value%22:%22I authorize the processing of my data for commercial purposes and accept the %22,%22checked%22:0,%22dragID%22:-1,%22link_url%22:%22\\\/politica-de-privacidade%22,%22link_text%22:%22Privacy policy%22}%93&#8243; fullwidth_field=&#8221;on&#8221; _builder_version=&#8221;4.16&#8243; _module_preset=&#8221;default&#8221; global_colors_info=&#8221;{}&#8221;][\/et_pb_contact_field][\/et_pb_contact_form][\/et_pb_column][\/et_pb_row][\/et_pb_section]<\/p>\n","protected":false},"excerpt":{"rendered":"<p>We develop simple solutions for complex problems.Talk to one of our consultants now!<div class=\"et_pb_module dvmd_typewriter dvmd_typewriter_0\">\n\t\t\t\t\n\t\t\t\t\n\t\t\t\t\n\t\t\t\t\n\t\t\t\t\n\t\t\t\t\n\t\t\t\t<div class=\"et_pb_module_inner\">\n\t\t\t\t\t\n            <h2 class=\"dvmd_tw_wrapper\"><span class=\"dvmd_tw_prefix\">Software <\/span><span class=\"dvmd_tw_content dvmd_typewriter_0_content\"><\/span><\/h2>\n            <script>\n                \/**\n                 * TypeIt - typeitjs.com\n                 * Created by Alex MacArthur.\n                 *\/\n                \n                \n                 new TypeIt('.dvmd_typewriter_0_content', {\n                    html: true,\n                    waitUntilVisible: true,\n                    startDelete: false,\n                    lifeLike: true,\n                    cursor: true,\n                    loop: true,\n                    startDelay: 500,\n                    speed: 100,\n                    deleteSpeed: 30,\n                    cursorSpeed: 1000,\n                    loopDelay: [0, 5000],\n                    cursorChar: '|',\n                    \n                    \n                })\n                .pause(500).type('pronto a usar moderno e escal\u00e1vel \u00e0 medida dos seus projetos!').go();\n            <\/script>\n\t\t\t\t<\/div>\n\t\t\t<\/div>Solutions to your challenges with custom development or ready-made software suited to your business.Software [&hellip;]<\/p>\n","protected":false},"author":1,"featured_media":0,"parent":0,"menu_order":0,"comment_status":"closed","ping_status":"closed","template":"","meta":{"_et_pb_use_builder":"on","_et_pb_old_content":"","_et_gb_content_width":"","footnotes":""},"class_list":["post-1089","page","type-page","status-publish","hentry"],"yoast_head":"<!-- This site is optimized with the Yoast SEO plugin v27.4 - https:\/\/yoast.com\/product\/yoast-seo-wordpress\/ -->\n<title>Home - webteam<\/title>\n<meta name=\"robots\" content=\"index, follow, max-snippet:-1, max-image-preview:large, max-video-preview:-1\" \/>\n<link rel=\"canonical\" href=\"https:\/\/webteam.pt\/en\/\" \/>\n<meta property=\"og:locale\" content=\"en_US\" \/>\n<meta property=\"og:type\" content=\"article\" \/>\n<meta property=\"og:title\" content=\"Home - webteam\" \/>\n<meta property=\"og:description\" content=\"We develop simple solutions for complex problems.Talk to one of our consultants now!Solutions to your challenges with custom development or ready-made software suited to your business.Software [&hellip;]\" \/>\n<meta property=\"og:url\" content=\"https:\/\/webteam.pt\/en\/\" \/>\n<meta property=\"og:site_name\" content=\"webteam\" \/>\n<meta property=\"article:modified_time\" content=\"2023-09-29T10:02:04+00:00\" \/>\n<meta name=\"twitter:card\" content=\"summary_large_image\" \/>\n<meta name=\"twitter:label1\" content=\"Est. reading time\" \/>\n\t<meta name=\"twitter:data1\" content=\"10 minutes\" \/>\n<script type=\"application\/ld+json\" class=\"yoast-schema-graph\">{\"@context\":\"https:\\\/\\\/schema.org\",\"@graph\":[{\"@type\":\"WebPage\",\"@id\":\"https:\\\/\\\/webteam.pt\\\/en\\\/\",\"url\":\"https:\\\/\\\/webteam.pt\\\/en\\\/\",\"name\":\"Home - webteam\",\"isPartOf\":{\"@id\":\"https:\\\/\\\/webteam.pt\\\/en\\\/#website\"},\"datePublished\":\"2021-03-20T22:08:45+00:00\",\"dateModified\":\"2023-09-29T10:02:04+00:00\",\"breadcrumb\":{\"@id\":\"https:\\\/\\\/webteam.pt\\\/en\\\/#breadcrumb\"},\"inLanguage\":\"en-US\",\"potentialAction\":[{\"@type\":\"ReadAction\",\"target\":[\"https:\\\/\\\/webteam.pt\\\/en\\\/\"]}]},{\"@type\":\"BreadcrumbList\",\"@id\":\"https:\\\/\\\/webteam.pt\\\/en\\\/#breadcrumb\",\"itemListElement\":[{\"@type\":\"ListItem\",\"position\":1,\"name\":\"Home\",\"item\":\"https:\\\/\\\/webteam.pt\\\/en\\\/home\\\/\"},{\"@type\":\"ListItem\",\"position\":2,\"name\":\"Home\"}]},{\"@type\":\"WebSite\",\"@id\":\"https:\\\/\\\/webteam.pt\\\/en\\\/#website\",\"url\":\"https:\\\/\\\/webteam.pt\\\/en\\\/\",\"name\":\"webteam\",\"description\":\"Aplica\u00e7\u00f5es e Web como solu\u00e7\u00f5es\",\"potentialAction\":[{\"@type\":\"SearchAction\",\"target\":{\"@type\":\"EntryPoint\",\"urlTemplate\":\"https:\\\/\\\/webteam.pt\\\/en\\\/?s={search_term_string}\"},\"query-input\":{\"@type\":\"PropertyValueSpecification\",\"valueRequired\":true,\"valueName\":\"search_term_string\"}}],\"inLanguage\":\"en-US\"}]}<\/script>\n<!-- \/ Yoast SEO plugin. -->","yoast_head_json":{"title":"Home - webteam","robots":{"index":"index","follow":"follow","max-snippet":"max-snippet:-1","max-image-preview":"max-image-preview:large","max-video-preview":"max-video-preview:-1"},"canonical":"https:\/\/webteam.pt\/en\/","og_locale":"en_US","og_type":"article","og_title":"Home - webteam","og_description":"We develop simple solutions for complex problems.Talk to one of our consultants now!Solutions to your challenges with custom development or ready-made software suited to your business.Software [&hellip;]","og_url":"https:\/\/webteam.pt\/en\/","og_site_name":"webteam","article_modified_time":"2023-09-29T10:02:04+00:00","twitter_card":"summary_large_image","twitter_misc":{"Est. reading time":"10 minutes"},"schema":{"@context":"https:\/\/schema.org","@graph":[{"@type":"WebPage","@id":"https:\/\/webteam.pt\/en\/","url":"https:\/\/webteam.pt\/en\/","name":"Home - webteam","isPartOf":{"@id":"https:\/\/webteam.pt\/en\/#website"},"datePublished":"2021-03-20T22:08:45+00:00","dateModified":"2023-09-29T10:02:04+00:00","breadcrumb":{"@id":"https:\/\/webteam.pt\/en\/#breadcrumb"},"inLanguage":"en-US","potentialAction":[{"@type":"ReadAction","target":["https:\/\/webteam.pt\/en\/"]}]},{"@type":"BreadcrumbList","@id":"https:\/\/webteam.pt\/en\/#breadcrumb","itemListElement":[{"@type":"ListItem","position":1,"name":"Home","item":"https:\/\/webteam.pt\/en\/home\/"},{"@type":"ListItem","position":2,"name":"Home"}]},{"@type":"WebSite","@id":"https:\/\/webteam.pt\/en\/#website","url":"https:\/\/webteam.pt\/en\/","name":"webteam","description":"Aplica\u00e7\u00f5es e Web como solu\u00e7\u00f5es","potentialAction":[{"@type":"SearchAction","target":{"@type":"EntryPoint","urlTemplate":"https:\/\/webteam.pt\/en\/?s={search_term_string}"},"query-input":{"@type":"PropertyValueSpecification","valueRequired":true,"valueName":"search_term_string"}}],"inLanguage":"en-US"}]}},"_links":{"self":[{"href":"https:\/\/webteam.pt\/en\/wp-json\/wp\/v2\/pages\/1089","targetHints":{"allow":["GET"]}}],"collection":[{"href":"https:\/\/webteam.pt\/en\/wp-json\/wp\/v2\/pages"}],"about":[{"href":"https:\/\/webteam.pt\/en\/wp-json\/wp\/v2\/types\/page"}],"author":[{"embeddable":true,"href":"https:\/\/webteam.pt\/en\/wp-json\/wp\/v2\/users\/1"}],"replies":[{"embeddable":true,"href":"https:\/\/webteam.pt\/en\/wp-json\/wp\/v2\/comments?post=1089"}],"version-history":[{"count":20,"href":"https:\/\/webteam.pt\/en\/wp-json\/wp\/v2\/pages\/1089\/revisions"}],"predecessor-version":[{"id":1868,"href":"https:\/\/webteam.pt\/en\/wp-json\/wp\/v2\/pages\/1089\/revisions\/1868"}],"wp:attachment":[{"href":"https:\/\/webteam.pt\/en\/wp-json\/wp\/v2\/media?parent=1089"}],"curies":[{"name":"wp","href":"https:\/\/api.w.org\/{rel}","templated":true}]}}