{"id":1092,"date":"2021-03-24T01:52:57","date_gmt":"2021-03-24T01:52:57","guid":{"rendered":"https:\/\/webteam.pt\/jobs\/"},"modified":"2023-09-18T13:02:23","modified_gmt":"2023-09-18T13:02:23","slug":"jobs","status":"publish","type":"page","link":"https:\/\/webteam.pt\/en\/jobs\/","title":{"rendered":"JOBS"},"content":{"rendered":"<p>[et_pb_section fb_built=&#8221;1&#8243; fullwidth=&#8221;on&#8221; _builder_version=&#8221;4.9.2&#8243; _module_preset=&#8221;default&#8221;][et_pb_fullwidth_slider use_bg_overlay=&#8221;on&#8221; bg_overlay_color=&#8221;#000000&#8243; _builder_version=&#8221;4.9.2&#8243; _module_preset=&#8221;default&#8221; custom_padding=&#8221;||275px|||&#8221;][et_pb_slide heading=&#8221;Jobs&#8221; use_bg_overlay=&#8221;on&#8221; bg_overlay_color=&#8221;rgba(0,0,0,0.24)&#8221; use_text_overlay=&#8221;off&#8221; _builder_version=&#8221;4.9.2&#8243; _module_preset=&#8221;default&#8221; header_level=&#8221;h2&#8243; header_text_color=&#8221;#FFFFFF&#8221; body_text_color=&#8221;#FFFFFF&#8221; background_enable_color=&#8221;off&#8221; use_background_color_gradient=&#8221;on&#8221; background_color_gradient_start=&#8221;rgba(0,0,0,0.5)&#8221; background_color_gradient_end=&#8221;rgba(0,0,0,0.5)&#8221; background_color_gradient_overlays_image=&#8221;on&#8221; background_image=&#8221;https:\/\/webteam.pt\/wp-content\/uploads\/2021\/03\/pexels-hitesh-choudhary-340152.jpg&#8221; background_enable_image=&#8221;on&#8221; sticky_transition=&#8221;on&#8221;]<\/p>\n<h1>Help us grow<\/h1>\n<p>[\/et_pb_slide][\/et_pb_fullwidth_slider][\/et_pb_section][et_pb_section fb_built=&#8221;1&#8243; _builder_version=&#8221;4.9.2&#8243; _module_preset=&#8221;default&#8221;][et_pb_row _builder_version=&#8221;4.9.2&#8243; _module_preset=&#8221;default&#8221;][et_pb_column type=&#8221;4_4&#8243; _builder_version=&#8221;4.9.2&#8243; _module_preset=&#8221;default&#8221;][et_pb_cta title=&#8221;Wanna work with us?&#8221; button_text=&#8221;Click Here&#8221; _builder_version=&#8221;4.9.3&#8243; _module_preset=&#8221;default&#8221; background_color=&#8221;RGBA(0,0,0,0)&#8221; background_layout=&#8221;light&#8221; hover_enabled=&#8221;0&#8243; sticky_enabled=&#8221;0&#8243;]<\/p>\n<h3>Open jobs:<\/h3>\n<p>&nbsp;<\/p>\n<h4> <span style=\"text-decoration: underline;\"> UI \/UX designer <\/span>(1)<\/h4>\n<h4><span style=\"text-decoration: underline;\">Account Manager<\/span> (1)<\/h4>\n<p>&nbsp;<\/p>\n<p>Send us your detailed CV to <a href=\"mailto:info@webteam.pt\">info@webteam.pt<\/a><\/p>\n<p>&nbsp;<\/p>\n<p>[\/et_pb_cta][\/et_pb_column][\/et_pb_row][\/et_pb_section]<\/p>\n","protected":false},"excerpt":{"rendered":"<p>Help us growOpen jobs: &nbsp; UI \/UX designer (1) Account Manager (1) &nbsp; Send us your detailed CV to info@webteam.pt &nbsp;<\/p>\n","protected":false},"author":1,"featured_media":0,"parent":0,"menu_order":0,"comment_status":"closed","ping_status":"closed","template":"","meta":{"_et_pb_use_builder":"on","_et_pb_old_content":"","_et_gb_content_width":"","footnotes":""},"class_list":["post-1092","page","type-page","status-publish","hentry"],"yoast_head":"<!-- This site is optimized with the Yoast SEO plugin v27.4 - https:\/\/yoast.com\/product\/yoast-seo-wordpress\/ -->\n<title>JOBS - webteam<\/title>\n<meta name=\"robots\" content=\"index, follow, max-snippet:-1, max-image-preview:large, max-video-preview:-1\" \/>\n<link rel=\"canonical\" href=\"https:\/\/webteam.pt\/en\/jobs\/\" \/>\n<meta property=\"og:locale\" content=\"en_US\" \/>\n<meta property=\"og:type\" content=\"article\" \/>\n<meta property=\"og:title\" content=\"JOBS - webteam\" \/>\n<meta property=\"og:description\" content=\"Help us growOpen jobs: &nbsp; UI \/UX designer (1) Account Manager (1) &nbsp; Send us your detailed CV to info@webteam.pt &nbsp;\" \/>\n<meta property=\"og:url\" content=\"https:\/\/webteam.pt\/en\/jobs\/\" \/>\n<meta property=\"og:site_name\" content=\"webteam\" \/>\n<meta property=\"article:modified_time\" content=\"2023-09-18T13:02:23+00:00\" \/>\n<meta name=\"twitter:card\" content=\"summary_large_image\" \/>\n<meta name=\"twitter:label1\" content=\"Est. reading time\" \/>\n\t<meta name=\"twitter:data1\" content=\"1 minute\" \/>\n<script type=\"application\/ld+json\" class=\"yoast-schema-graph\">{\"@context\":\"https:\\\/\\\/schema.org\",\"@graph\":[{\"@type\":\"WebPage\",\"@id\":\"https:\\\/\\\/webteam.pt\\\/en\\\/jobs\\\/\",\"url\":\"https:\\\/\\\/webteam.pt\\\/en\\\/jobs\\\/\",\"name\":\"JOBS - webteam\",\"isPartOf\":{\"@id\":\"https:\\\/\\\/webteam.pt\\\/en\\\/#website\"},\"datePublished\":\"2021-03-24T01:52:57+00:00\",\"dateModified\":\"2023-09-18T13:02:23+00:00\",\"breadcrumb\":{\"@id\":\"https:\\\/\\\/webteam.pt\\\/en\\\/jobs\\\/#breadcrumb\"},\"inLanguage\":\"en-US\",\"potentialAction\":[{\"@type\":\"ReadAction\",\"target\":[\"https:\\\/\\\/webteam.pt\\\/en\\\/jobs\\\/\"]}]},{\"@type\":\"BreadcrumbList\",\"@id\":\"https:\\\/\\\/webteam.pt\\\/en\\\/jobs\\\/#breadcrumb\",\"itemListElement\":[{\"@type\":\"ListItem\",\"position\":1,\"name\":\"Home\",\"item\":\"https:\\\/\\\/webteam.pt\\\/en\\\/home\\\/\"},{\"@type\":\"ListItem\",\"position\":2,\"name\":\"JOBS\"}]},{\"@type\":\"WebSite\",\"@id\":\"https:\\\/\\\/webteam.pt\\\/en\\\/#website\",\"url\":\"https:\\\/\\\/webteam.pt\\\/en\\\/\",\"name\":\"webteam\",\"description\":\"Aplica\u00e7\u00f5es e Web como solu\u00e7\u00f5es\",\"potentialAction\":[{\"@type\":\"SearchAction\",\"target\":{\"@type\":\"EntryPoint\",\"urlTemplate\":\"https:\\\/\\\/webteam.pt\\\/en\\\/?s={search_term_string}\"},\"query-input\":{\"@type\":\"PropertyValueSpecification\",\"valueRequired\":true,\"valueName\":\"search_term_string\"}}],\"inLanguage\":\"en-US\"}]}<\/script>\n<!-- \/ Yoast SEO plugin. -->","yoast_head_json":{"title":"JOBS - webteam","robots":{"index":"index","follow":"follow","max-snippet":"max-snippet:-1","max-image-preview":"max-image-preview:large","max-video-preview":"max-video-preview:-1"},"canonical":"https:\/\/webteam.pt\/en\/jobs\/","og_locale":"en_US","og_type":"article","og_title":"JOBS - webteam","og_description":"Help us growOpen jobs: &nbsp; UI \/UX designer (1) Account Manager (1) &nbsp; Send us your detailed CV to info@webteam.pt &nbsp;","og_url":"https:\/\/webteam.pt\/en\/jobs\/","og_site_name":"webteam","article_modified_time":"2023-09-18T13:02:23+00:00","twitter_card":"summary_large_image","twitter_misc":{"Est. reading time":"1 minute"},"schema":{"@context":"https:\/\/schema.org","@graph":[{"@type":"WebPage","@id":"https:\/\/webteam.pt\/en\/jobs\/","url":"https:\/\/webteam.pt\/en\/jobs\/","name":"JOBS - webteam","isPartOf":{"@id":"https:\/\/webteam.pt\/en\/#website"},"datePublished":"2021-03-24T01:52:57+00:00","dateModified":"2023-09-18T13:02:23+00:00","breadcrumb":{"@id":"https:\/\/webteam.pt\/en\/jobs\/#breadcrumb"},"inLanguage":"en-US","potentialAction":[{"@type":"ReadAction","target":["https:\/\/webteam.pt\/en\/jobs\/"]}]},{"@type":"BreadcrumbList","@id":"https:\/\/webteam.pt\/en\/jobs\/#breadcrumb","itemListElement":[{"@type":"ListItem","position":1,"name":"Home","item":"https:\/\/webteam.pt\/en\/home\/"},{"@type":"ListItem","position":2,"name":"JOBS"}]},{"@type":"WebSite","@id":"https:\/\/webteam.pt\/en\/#website","url":"https:\/\/webteam.pt\/en\/","name":"webteam","description":"Aplica\u00e7\u00f5es e Web como solu\u00e7\u00f5es","potentialAction":[{"@type":"SearchAction","target":{"@type":"EntryPoint","urlTemplate":"https:\/\/webteam.pt\/en\/?s={search_term_string}"},"query-input":{"@type":"PropertyValueSpecification","valueRequired":true,"valueName":"search_term_string"}}],"inLanguage":"en-US"}]}},"_links":{"self":[{"href":"https:\/\/webteam.pt\/en\/wp-json\/wp\/v2\/pages\/1092","targetHints":{"allow":["GET"]}}],"collection":[{"href":"https:\/\/webteam.pt\/en\/wp-json\/wp\/v2\/pages"}],"about":[{"href":"https:\/\/webteam.pt\/en\/wp-json\/wp\/v2\/types\/page"}],"author":[{"embeddable":true,"href":"https:\/\/webteam.pt\/en\/wp-json\/wp\/v2\/users\/1"}],"replies":[{"embeddable":true,"href":"https:\/\/webteam.pt\/en\/wp-json\/wp\/v2\/comments?post=1092"}],"version-history":[{"count":10,"href":"https:\/\/webteam.pt\/en\/wp-json\/wp\/v2\/pages\/1092\/revisions"}],"predecessor-version":[{"id":1174,"href":"https:\/\/webteam.pt\/en\/wp-json\/wp\/v2\/pages\/1092\/revisions\/1174"}],"wp:attachment":[{"href":"https:\/\/webteam.pt\/en\/wp-json\/wp\/v2\/media?parent=1092"}],"curies":[{"name":"wp","href":"https:\/\/api.w.org\/{rel}","templated":true}]}}