{"id":1100,"date":"2021-03-29T19:46:08","date_gmt":"2021-03-29T19:46:08","guid":{"rendered":"https:\/\/webteam.pt\/auctys-auction-software\/"},"modified":"2023-09-14T17:26:37","modified_gmt":"2023-09-14T17:26:37","slug":"auctys-auction-software","status":"publish","type":"page","link":"https:\/\/webteam.pt\/en\/auctys-auction-software\/","title":{"rendered":"Auctys &#8211; auction software"},"content":{"rendered":"<p>[et_pb_section fb_built=&#8221;1&#8243; fullwidth=&#8221;on&#8221; _builder_version=&#8221;4.9.2&#8243; _module_preset=&#8221;default&#8221;][et_pb_fullwidth_slider _builder_version=&#8221;4.9.3&#8243; _module_preset=&#8221;default&#8221; header_text_color=&#8221;#FFFFFF&#8221; animation_style=&#8221;bounce&#8221; animation_direction=&#8221;top&#8221;][et_pb_slide heading=&#8221;Auctys&#8221; button_text=&#8221;Schedule demo &#8221; button_link=&#8221;#global_form&#8221; _builder_version=&#8221;4.9.3&#8243; _module_preset=&#8221;default&#8221; header_text_color=&#8221;#0C71C3&#8243; background_enable_color=&#8221;off&#8221; use_background_color_gradient=&#8221;on&#8221; background_color_gradient_start=&#8221;rgba(255,255,255,0.8)&#8221; background_color_gradient_end=&#8221;rgba(255,255,255,0.8)&#8221; background_color_gradient_start_position=&#8221;10%&#8221; background_color_gradient_overlays_image=&#8221;on&#8221; background_image=&#8221;https:\/\/webteam.pt\/wp-content\/uploads\/2021\/03\/auctys_1920_c.jpg&#8221; background_enable_image=&#8221;on&#8221; background_position=&#8221;top_center&#8221; background_layout=&#8221;light&#8221; hover_transition_speed_curve=&#8221;linear&#8221; header_font_size_tablet=&#8221;46px&#8221; header_font_size_phone=&#8221;46px&#8221; header_font_size_last_edited=&#8221;on|phone&#8221; sticky_transition=&#8221;on&#8221;]<\/p>\n<p><span>Cloud solution to manage your online and offline auctions.<br \/>We adapt to your business rules and your image.<\/span><\/p>\n<p>[\/et_pb_slide][\/et_pb_fullwidth_slider][\/et_pb_section][et_pb_section fb_built=&#8221;1&#8243; _builder_version=&#8221;4.9.2&#8243; _module_preset=&#8221;default&#8221; custom_padding=&#8221;||3px|||&#8221;][et_pb_row _builder_version=&#8221;4.9.2&#8243; _module_preset=&#8221;default&#8221; custom_padding=&#8221;4px|||||&#8221;][et_pb_column type=&#8221;4_4&#8243; _builder_version=&#8221;4.9.2&#8243; _module_preset=&#8221;default&#8221;][et_pb_cta title=&#8221;Simple and intuitive auctions&#8221; button_text=&#8221;Click Here&#8221; _builder_version=&#8221;4.9.2&#8243; _module_preset=&#8221;default&#8221; background_color=&#8221;RGBA(0,0,0,0)&#8221; background_layout=&#8221;light&#8221; custom_padding=&#8221;5px|||||&#8221;]<\/p>\n<p>It works in any internet browser and is perfectly adapted to mobile devices.<br \/>Customers manage their auction participations through an intuitive and fully responsive backoffice<\/p>\n<p>[\/et_pb_cta][\/et_pb_column][\/et_pb_row][\/et_pb_section][et_pb_section fb_built=&#8221;1&#8243; _builder_version=&#8221;4.9.2&#8243; _module_preset=&#8221;default&#8221; background_color=&#8221;RGBA(0,0,0,0)&#8221;][et_pb_row column_structure=&#8221;1_3,1_3,1_3&#8243; _builder_version=&#8221;4.9.2&#8243; _module_preset=&#8221;default&#8221;][et_pb_column type=&#8221;1_3&#8243; _builder_version=&#8221;4.9.2&#8243; _module_preset=&#8221;default&#8221;][et_pb_blurb title=&#8221;Management area&#8221; use_icon=&#8221;on&#8221; font_icon=&#8221;%%176%%&#8221; _builder_version=&#8221;4.9.2&#8243; _module_preset=&#8221;default&#8221; text_orientation=&#8221;center&#8221;]<\/p>\n<p><span>Creating your auctions and defining the rules has never been easier! <\/span><\/p>\n<p>[\/et_pb_blurb][\/et_pb_column][et_pb_column type=&#8221;1_3&#8243; _builder_version=&#8221;4.9.2&#8243; _module_preset=&#8221;default&#8221;][et_pb_blurb title=&#8221;Customer area&#8221; use_icon=&#8221;on&#8221; font_icon=&#8221;%%259%%&#8221; _builder_version=&#8221;4.9.2&#8243; _module_preset=&#8221;default&#8221; text_orientation=&#8221;center&#8221; font_icon__hover_enabled=&#8221;on|desktop&#8221;]<\/p>\n<p>Customers can manage their auctions, check bids, automate alerts.<\/p>\n<p>[\/et_pb_blurb][\/et_pb_column][et_pb_column type=&#8221;1_3&#8243; _builder_version=&#8221;4.9.2&#8243; _module_preset=&#8221;default&#8221;][et_pb_blurb title=&#8221;Publishing on websites&#8221; use_icon=&#8221;on&#8221; font_icon=&#8221;%%107%%&#8221; _builder_version=&#8221;4.9.2&#8243; _module_preset=&#8221;default&#8221; text_orientation=&#8221;center&#8221; font_icon__hover_enabled=&#8221;on|desktop&#8221;]<\/p>\n<p><span>Auctions are published on the website via an API. This way you can use your current website. If you prefer, we can build a new one!<\/span><\/p>\n<p>[\/et_pb_blurb][\/et_pb_column][\/et_pb_row][\/et_pb_section][et_pb_section fb_built=&#8221;1&#8243; _builder_version=&#8221;4.9.2&#8243; _module_preset=&#8221;default&#8221; background_color=&#8221;RGBA(0,0,0,0)&#8221;][et_pb_row column_structure=&#8221;1_3,1_3,1_3&#8243; _builder_version=&#8221;4.9.2&#8243; _module_preset=&#8221;default&#8221;][et_pb_column type=&#8221;1_3&#8243; _builder_version=&#8221;4.9.2&#8243; _module_preset=&#8221;default&#8221;][et_pb_blurb title=&#8221;Unlimited images&#8221; use_icon=&#8221;on&#8221; font_icon=&#8221;%%100%%&#8221; _builder_version=&#8221;4.9.2&#8243; _module_preset=&#8221;default&#8221; text_orientation=&#8221;center&#8221;]<\/p>\n<p>Place the photos you want in each lot to promote the products up for auction.<\/p>\n<p>[\/et_pb_blurb][\/et_pb_column][et_pb_column type=&#8221;1_3&#8243; _builder_version=&#8221;4.9.2&#8243; _module_preset=&#8221;default&#8221;][et_pb_blurb title=&#8221;Automatic Bidding&#8221; use_icon=&#8221;on&#8221; font_icon=&#8221;%%69%%&#8221; _builder_version=&#8221;4.9.2&#8243; _module_preset=&#8221;default&#8221; text_orientation=&#8221;center&#8221; font_icon__hover_enabled=&#8221;on|desktop&#8221;]<\/p>\n<p><span>Customers can program their bids. They choose up to what amount they are willing to bid and are notified<\/span><\/p>\n<p>[\/et_pb_blurb][\/et_pb_column][et_pb_column type=&#8221;1_3&#8243; _builder_version=&#8221;4.9.2&#8243; _module_preset=&#8221;default&#8221;][et_pb_blurb title=&#8221;Automatic notifications&#8221; use_icon=&#8221;on&#8221; font_icon=&#8221;%%89%%&#8221; _builder_version=&#8221;4.9.2&#8243; _module_preset=&#8221;default&#8221; text_orientation=&#8221;center&#8221; font_icon__hover_enabled=&#8221;on|desktop&#8221;]<\/p>\n<p>Customers can be notified when a new bid is placed in any auction.<\/p>\n<p>[\/et_pb_blurb][\/et_pb_column][\/et_pb_row][\/et_pb_section][et_pb_section fb_built=&#8221;1&#8243; _builder_version=&#8221;4.9.2&#8243; _module_preset=&#8221;default&#8221; background_color=&#8221;RGBA(0,0,0,0)&#8221; custom_padding=&#8221;||90px|||&#8221;][et_pb_row column_structure=&#8221;1_3,1_3,1_3&#8243; _builder_version=&#8221;4.9.2&#8243; _module_preset=&#8221;default&#8221;][et_pb_column type=&#8221;1_3&#8243; _builder_version=&#8221;4.9.2&#8243; _module_preset=&#8221;default&#8221;][et_pb_blurb title=&#8221;As much space as you need&#8221; use_icon=&#8221;on&#8221; font_icon=&#8221;%%146%%&#8221; _builder_version=&#8221;4.9.2&#8243; _module_preset=&#8221;default&#8221; text_orientation=&#8221;center&#8221;]<\/p>\n<p><span>Always have the space you need for your application. Choose one of the plans that suits you best.<\/span><\/p>\n<p>[\/et_pb_blurb][\/et_pb_column][et_pb_column type=&#8221;1_3&#8243; _builder_version=&#8221;4.9.2&#8243; _module_preset=&#8221;default&#8221;][et_pb_blurb title=&#8221;SMS authentication&#8221; use_icon=&#8221;on&#8221; font_icon=&#8221;%%104%%&#8221; _builder_version=&#8221;4.9.2&#8243; _module_preset=&#8221;default&#8221; text_orientation=&#8221;center&#8221; font_icon__hover_enabled=&#8221;on|desktop&#8221;]<\/p>\n<p><span>Only customers with validated mobile phone numbers can bid in the auctions.<\/span><\/p>\n<p>[\/et_pb_blurb][\/et_pb_column][et_pb_column type=&#8221;1_3&#8243; _builder_version=&#8221;4.9.2&#8243; _module_preset=&#8221;default&#8221;][et_pb_blurb title=&#8221;Anti Sniping&#8221; use_icon=&#8221;on&#8221; font_icon=&#8221;%%162%%&#8221; _builder_version=&#8221;4.9.3&#8243; _module_preset=&#8221;default&#8221; text_orientation=&#8221;center&#8221; hover_enabled=&#8221;0&#8243; font_icon__hover_enabled=&#8221;on|desktop&#8221; sticky_enabled=&#8221;0&#8243;]<\/p>\n<p><span>The closing of auctions is automatically extended if a bid is placed in the last five minutes.<\/span><\/p>\n<p>[\/et_pb_blurb][\/et_pb_column][\/et_pb_row][\/et_pb_section][et_pb_section fb_built=&#8221;1&#8243; module_id=&#8221;global_form&#8221; _builder_version=&#8221;4.9.2&#8243; _module_preset=&#8221;default&#8221; custom_padding=&#8221;0px|||||&#8221; animation_style=&#8221;fade&#8221; animation_duration=&#8221;1750ms&#8221; global_module=&#8221;586&#8243; saved_tabs=&#8221;all&#8221;][et_pb_row _builder_version=&#8221;4.9.2&#8243; _module_preset=&#8221;default&#8221; width=&#8221;65%&#8221; width_tablet=&#8221;80%&#8221; width_phone=&#8221;95%&#8221; width_last_edited=&#8221;on|phone&#8221; custom_margin=&#8221;-1px|auto||auto||&#8221; custom_padding=&#8221;2px||1px|||&#8221;][et_pb_column type=&#8221;4_4&#8243; _builder_version=&#8221;4.9.2&#8243; _module_preset=&#8221;default&#8221;][et_pb_cta title=&#8221;Discover our solutions&#8221; button_text=&#8221;Click Here&#8221; _builder_version=&#8221;4.9.3&#8243; _module_preset=&#8221;default&#8221; background_color=&#8221;RGBA(0,0,0,0)&#8221; background_layout=&#8221;light&#8221; custom_margin=&#8221;||1px|||&#8221;]<\/p>\n<p><strong>Talk to us, ask us your challenges!<\/strong><br \/><span>Fill out the form, if you prefer, send us an email at<\/span> <a href=\"mailto:comercial@webteam.pt\">comercial@webteam.pt <\/a> <br \/>or call <strong><a href=\"tel:+351214005219\">+351 214 005 219<\/a><\/strong><\/p>\n<p>[\/et_pb_cta][et_pb_contact_form use_spam_service=&#8221;on&#8221; recaptcha_list=&#8221;Default-0&#8243; success_message=&#8221;Thanks for your message. We will be brief in our response.&#8221; submit_button_text=&#8221;Send&#8221; _builder_version=&#8221;4.9.3&#8243; _module_preset=&#8221;default&#8221; max_width=&#8221;80%&#8221; module_alignment=&#8221;center&#8221;][et_pb_contact_field field_id=&#8221;Name&#8221; field_title=&#8221;Name&#8221; _builder_version=&#8221;4.9.2&#8243; button_text_size__hover_enabled=&#8221;off&#8221; button_one_text_size__hover_enabled=&#8221;off&#8221; button_two_text_size__hover_enabled=&#8221;off&#8221; button_text_color__hover_enabled=&#8221;off&#8221; button_one_text_color__hover_enabled=&#8221;off&#8221; button_two_text_color__hover_enabled=&#8221;off&#8221; button_border_width__hover_enabled=&#8221;off&#8221; button_one_border_width__hover_enabled=&#8221;off&#8221; button_two_border_width__hover_enabled=&#8221;off&#8221; button_border_color__hover_enabled=&#8221;off&#8221; button_one_border_color__hover_enabled=&#8221;off&#8221; button_two_border_color__hover_enabled=&#8221;off&#8221; button_border_radius__hover_enabled=&#8221;off&#8221; button_one_border_radius__hover_enabled=&#8221;off&#8221; button_two_border_radius__hover_enabled=&#8221;off&#8221; button_letter_spacing__hover_enabled=&#8221;off&#8221; button_one_letter_spacing__hover_enabled=&#8221;off&#8221; button_two_letter_spacing__hover_enabled=&#8221;off&#8221; button_bg_color__hover_enabled=&#8221;off&#8221; button_one_bg_color__hover_enabled=&#8221;off&#8221; button_two_bg_color__hover_enabled=&#8221;off&#8221;][\/et_pb_contact_field][et_pb_contact_field field_id=&#8221;Email&#8221; field_title=&#8221;Email &#8221; field_type=&#8221;email&#8221; _builder_version=&#8221;4.9.3&#8243; button_text_size__hover_enabled=&#8221;off&#8221; button_one_text_size__hover_enabled=&#8221;off&#8221; button_two_text_size__hover_enabled=&#8221;off&#8221; button_text_color__hover_enabled=&#8221;off&#8221; button_one_text_color__hover_enabled=&#8221;off&#8221; button_two_text_color__hover_enabled=&#8221;off&#8221; button_border_width__hover_enabled=&#8221;off&#8221; button_one_border_width__hover_enabled=&#8221;off&#8221; button_two_border_width__hover_enabled=&#8221;off&#8221; button_border_color__hover_enabled=&#8221;off&#8221; button_one_border_color__hover_enabled=&#8221;off&#8221; button_two_border_color__hover_enabled=&#8221;off&#8221; button_border_radius__hover_enabled=&#8221;off&#8221; button_one_border_radius__hover_enabled=&#8221;off&#8221; button_two_border_radius__hover_enabled=&#8221;off&#8221; button_letter_spacing__hover_enabled=&#8221;off&#8221; button_one_letter_spacing__hover_enabled=&#8221;off&#8221; button_two_letter_spacing__hover_enabled=&#8221;off&#8221; button_bg_color__hover_enabled=&#8221;off&#8221; button_one_bg_color__hover_enabled=&#8221;off&#8221; button_two_bg_color__hover_enabled=&#8221;off&#8221;][\/et_pb_contact_field][et_pb_contact_field field_id=&#8221;Phone&#8221; field_title=&#8221;Telephone&#8221; _builder_version=&#8221;4.9.2&#8243; _module_preset=&#8221;default&#8221;][\/et_pb_contact_field][et_pb_contact_field field_id=&#8221;subject&#8221; field_title=&#8221;Subject&#8221; field_type=&#8221;select&#8221; select_options=&#8221;%91{%22value%22:%22Custom development &#8211; Software and applications%22,%22checked%22:0,%22dragID%22:-1},{%22value%22:%22Websites%22,%22checked%22:0,%22dragID%22:0},{%22value%22:%22Real Estate &#8211; Gimob CRM%22,%22checked%22:0,%22dragID%22:1},{%22value%22:%22Real Estate &#8211; Gesar%22,%22checked%22:0,%22dragID%22:2},{%22value%22:%22Food, Electronics and Consumer Products Solutions%22,%22checked%22:0,%22dragID%22:3},{%22value%22:%22afluencia.io &#8211; People Counter %22,%22checked%22:0,%22dragID%22:4},{%22value%22:%22Auctys &#8211; Auctions Software%22,%22checked%22:0,%22dragID%22:5},{%22value%22:%22Other%22,%22checked%22:0,%22dragID%22:6}%93&#8243; _builder_version=&#8221;4.9.2&#8243; _module_preset=&#8221;default&#8221;][\/et_pb_contact_field][et_pb_contact_field field_id=&#8221;Mensagem&#8221; field_title=&#8221;Message&#8221; field_type=&#8221;text&#8221; fullwidth_field=&#8221;on&#8221; _builder_version=&#8221;4.9.2&#8243; button_text_size__hover_enabled=&#8221;off&#8221; button_one_text_size__hover_enabled=&#8221;off&#8221; button_two_text_size__hover_enabled=&#8221;off&#8221; button_text_color__hover_enabled=&#8221;off&#8221; button_one_text_color__hover_enabled=&#8221;off&#8221; button_two_text_color__hover_enabled=&#8221;off&#8221; button_border_width__hover_enabled=&#8221;off&#8221; button_one_border_width__hover_enabled=&#8221;off&#8221; button_two_border_width__hover_enabled=&#8221;off&#8221; button_border_color__hover_enabled=&#8221;off&#8221; button_one_border_color__hover_enabled=&#8221;off&#8221; button_two_border_color__hover_enabled=&#8221;off&#8221; button_border_radius__hover_enabled=&#8221;off&#8221; button_one_border_radius__hover_enabled=&#8221;off&#8221; button_two_border_radius__hover_enabled=&#8221;off&#8221; button_letter_spacing__hover_enabled=&#8221;off&#8221; button_one_letter_spacing__hover_enabled=&#8221;off&#8221; button_two_letter_spacing__hover_enabled=&#8221;off&#8221; button_bg_color__hover_enabled=&#8221;off&#8221; button_one_bg_color__hover_enabled=&#8221;off&#8221; button_two_bg_color__hover_enabled=&#8221;off&#8221;][\/et_pb_contact_field][et_pb_contact_field field_id=&#8221;Field_6&#8243; field_title=&#8221;Data processing&#8221; field_type=&#8221;checkbox&#8221; checkbox_options=&#8221;%91{%22value%22:%22I authorize the processing of my data for commercial purposes and accept the %22,%22checked%22:0,%22dragID%22:-1,%22link_url%22:%22\\\/politica-de-privacidade%22,%22link_text%22:%22Privacy Policy%22}%93&#8243; fullwidth_field=&#8221;on&#8221; _builder_version=&#8221;4.9.3&#8243; _module_preset=&#8221;default&#8221;][\/et_pb_contact_field][\/et_pb_contact_form][\/et_pb_column][\/et_pb_row][\/et_pb_section]<\/p>\n","protected":false},"excerpt":{"rendered":"<p>Cloud solution to manage your online and offline auctions.We adapt to your business rules and your image.It works in any internet browser and is perfectly adapted to mobile devices.Customers manage their auction participations through an intuitive and fully responsive backofficeCreating your auctions and defining the rules has never been easier! Customers can manage their auctions, [&hellip;]<\/p>\n","protected":false},"author":1,"featured_media":0,"parent":0,"menu_order":0,"comment_status":"closed","ping_status":"closed","template":"","meta":{"_et_pb_use_builder":"on","_et_pb_old_content":"","_et_gb_content_width":"","footnotes":""},"class_list":["post-1100","page","type-page","status-publish","hentry"],"yoast_head":"<!-- This site is optimized with the Yoast SEO plugin v27.5 - https:\/\/yoast.com\/product\/yoast-seo-wordpress\/ -->\n<title>Auctys - auction software - webteam<\/title>\n<meta name=\"robots\" content=\"index, follow, max-snippet:-1, max-image-preview:large, max-video-preview:-1\" \/>\n<link rel=\"canonical\" href=\"https:\/\/webteam.pt\/en\/auctys-auction-software\/\" \/>\n<meta property=\"og:locale\" content=\"en_US\" \/>\n<meta property=\"og:type\" content=\"article\" \/>\n<meta property=\"og:title\" content=\"Auctys - auction software - webteam\" \/>\n<meta property=\"og:description\" content=\"Cloud solution to manage your online and offline auctions.We adapt to your business rules and your image.It works in any internet browser and is perfectly adapted to mobile devices.Customers manage their auction participations through an intuitive and fully responsive backofficeCreating your auctions and defining the rules has never been easier! Customers can manage their auctions, [&hellip;]\" \/>\n<meta property=\"og:url\" content=\"https:\/\/webteam.pt\/en\/auctys-auction-software\/\" \/>\n<meta property=\"og:site_name\" content=\"webteam\" \/>\n<meta property=\"article:modified_time\" content=\"2023-09-14T17:26:37+00:00\" \/>\n<meta name=\"twitter:card\" content=\"summary_large_image\" \/>\n<meta name=\"twitter:label1\" content=\"Est. reading time\" \/>\n\t<meta name=\"twitter:data1\" content=\"8 minutes\" \/>\n<script type=\"application\/ld+json\" class=\"yoast-schema-graph\">{\"@context\":\"https:\\\/\\\/schema.org\",\"@graph\":[{\"@type\":\"WebPage\",\"@id\":\"https:\\\/\\\/webteam.pt\\\/en\\\/auctys-auction-software\\\/\",\"url\":\"https:\\\/\\\/webteam.pt\\\/en\\\/auctys-auction-software\\\/\",\"name\":\"Auctys - auction software - webteam\",\"isPartOf\":{\"@id\":\"https:\\\/\\\/webteam.pt\\\/en\\\/#website\"},\"datePublished\":\"2021-03-29T19:46:08+00:00\",\"dateModified\":\"2023-09-14T17:26:37+00:00\",\"breadcrumb\":{\"@id\":\"https:\\\/\\\/webteam.pt\\\/en\\\/auctys-auction-software\\\/#breadcrumb\"},\"inLanguage\":\"en-US\",\"potentialAction\":[{\"@type\":\"ReadAction\",\"target\":[\"https:\\\/\\\/webteam.pt\\\/en\\\/auctys-auction-software\\\/\"]}]},{\"@type\":\"BreadcrumbList\",\"@id\":\"https:\\\/\\\/webteam.pt\\\/en\\\/auctys-auction-software\\\/#breadcrumb\",\"itemListElement\":[{\"@type\":\"ListItem\",\"position\":1,\"name\":\"Home\",\"item\":\"https:\\\/\\\/webteam.pt\\\/en\\\/home\\\/\"},{\"@type\":\"ListItem\",\"position\":2,\"name\":\"Auctys &#8211; auction software\"}]},{\"@type\":\"WebSite\",\"@id\":\"https:\\\/\\\/webteam.pt\\\/en\\\/#website\",\"url\":\"https:\\\/\\\/webteam.pt\\\/en\\\/\",\"name\":\"webteam\",\"description\":\"Aplica\u00e7\u00f5es e Web como solu\u00e7\u00f5es\",\"potentialAction\":[{\"@type\":\"SearchAction\",\"target\":{\"@type\":\"EntryPoint\",\"urlTemplate\":\"https:\\\/\\\/webteam.pt\\\/en\\\/?s={search_term_string}\"},\"query-input\":{\"@type\":\"PropertyValueSpecification\",\"valueRequired\":true,\"valueName\":\"search_term_string\"}}],\"inLanguage\":\"en-US\"}]}<\/script>\n<!-- \/ Yoast SEO plugin. -->","yoast_head_json":{"title":"Auctys - auction software - webteam","robots":{"index":"index","follow":"follow","max-snippet":"max-snippet:-1","max-image-preview":"max-image-preview:large","max-video-preview":"max-video-preview:-1"},"canonical":"https:\/\/webteam.pt\/en\/auctys-auction-software\/","og_locale":"en_US","og_type":"article","og_title":"Auctys - auction software - webteam","og_description":"Cloud solution to manage your online and offline auctions.We adapt to your business rules and your image.It works in any internet browser and is perfectly adapted to mobile devices.Customers manage their auction participations through an intuitive and fully responsive backofficeCreating your auctions and defining the rules has never been easier! Customers can manage their auctions, [&hellip;]","og_url":"https:\/\/webteam.pt\/en\/auctys-auction-software\/","og_site_name":"webteam","article_modified_time":"2023-09-14T17:26:37+00:00","twitter_card":"summary_large_image","twitter_misc":{"Est. reading time":"8 minutes"},"schema":{"@context":"https:\/\/schema.org","@graph":[{"@type":"WebPage","@id":"https:\/\/webteam.pt\/en\/auctys-auction-software\/","url":"https:\/\/webteam.pt\/en\/auctys-auction-software\/","name":"Auctys - auction software - webteam","isPartOf":{"@id":"https:\/\/webteam.pt\/en\/#website"},"datePublished":"2021-03-29T19:46:08+00:00","dateModified":"2023-09-14T17:26:37+00:00","breadcrumb":{"@id":"https:\/\/webteam.pt\/en\/auctys-auction-software\/#breadcrumb"},"inLanguage":"en-US","potentialAction":[{"@type":"ReadAction","target":["https:\/\/webteam.pt\/en\/auctys-auction-software\/"]}]},{"@type":"BreadcrumbList","@id":"https:\/\/webteam.pt\/en\/auctys-auction-software\/#breadcrumb","itemListElement":[{"@type":"ListItem","position":1,"name":"Home","item":"https:\/\/webteam.pt\/en\/home\/"},{"@type":"ListItem","position":2,"name":"Auctys &#8211; auction software"}]},{"@type":"WebSite","@id":"https:\/\/webteam.pt\/en\/#website","url":"https:\/\/webteam.pt\/en\/","name":"webteam","description":"Aplica\u00e7\u00f5es e Web como solu\u00e7\u00f5es","potentialAction":[{"@type":"SearchAction","target":{"@type":"EntryPoint","urlTemplate":"https:\/\/webteam.pt\/en\/?s={search_term_string}"},"query-input":{"@type":"PropertyValueSpecification","valueRequired":true,"valueName":"search_term_string"}}],"inLanguage":"en-US"}]}},"_links":{"self":[{"href":"https:\/\/webteam.pt\/en\/wp-json\/wp\/v2\/pages\/1100","targetHints":{"allow":["GET"]}}],"collection":[{"href":"https:\/\/webteam.pt\/en\/wp-json\/wp\/v2\/pages"}],"about":[{"href":"https:\/\/webteam.pt\/en\/wp-json\/wp\/v2\/types\/page"}],"author":[{"embeddable":true,"href":"https:\/\/webteam.pt\/en\/wp-json\/wp\/v2\/users\/1"}],"replies":[{"embeddable":true,"href":"https:\/\/webteam.pt\/en\/wp-json\/wp\/v2\/comments?post=1100"}],"version-history":[{"count":3,"href":"https:\/\/webteam.pt\/en\/wp-json\/wp\/v2\/pages\/1100\/revisions"}],"predecessor-version":[{"id":1103,"href":"https:\/\/webteam.pt\/en\/wp-json\/wp\/v2\/pages\/1100\/revisions\/1103"}],"wp:attachment":[{"href":"https:\/\/webteam.pt\/en\/wp-json\/wp\/v2\/media?parent=1100"}],"curies":[{"name":"wp","href":"https:\/\/api.w.org\/{rel}","templated":true}]}}