{"id":1116,"date":"2021-04-04T14:58:12","date_gmt":"2021-04-04T14:58:12","guid":{"rendered":"https:\/\/webteam.pt\/gesar-lease-management-software\/"},"modified":"2023-09-14T19:32:49","modified_gmt":"2023-09-14T19:32:49","slug":"gesar-lease-management-software","status":"publish","type":"page","link":"https:\/\/webteam.pt\/en\/gesar-lease-management-software\/","title":{"rendered":"Gesar &#8211; Lease management software"},"content":{"rendered":"<p>[et_pb_section fb_built=&#8221;1&#8243; fullwidth=&#8221;on&#8221; _builder_version=&#8221;4.9.3&#8243; _module_preset=&#8221;default&#8221;][et_pb_fullwidth_slider _builder_version=&#8221;4.9.3&#8243; _module_preset=&#8221;default&#8221; header_text_color=&#8221;#FFFFFF&#8221; animation_style=&#8221;bounce&#8221; animation_direction=&#8221;top&#8221;][et_pb_slide heading=&#8221;Gesar&#8221; button_text=&#8221;Schedule a meeting&#8221; button_link=&#8221;#global_form&#8221; _builder_version=&#8221;4.9.3&#8243; _module_preset=&#8221;default&#8221; header_font=&#8221;|700|||||||&#8221; header_text_color=&#8221;#0C71C3&#8243; body_font_size=&#8221;20px&#8221; background_color=&#8221;#353535&#8243; background_enable_color=&#8221;on&#8221; use_background_color_gradient=&#8221;on&#8221; background_color_gradient_start=&#8221;rgba(255,255,255,0.7)&#8221; background_color_gradient_end=&#8221;rgba(255,255,255,0.7)&#8221; background_color_gradient_overlays_image=&#8221;on&#8221; background_image=&#8221;https:\/\/webteam.pt\/wp-content\/uploads\/2021\/04\/gesar.png&#8221; background_enable_image=&#8221;on&#8221; background_position=&#8221;top_center&#8221; background_layout=&#8221;light&#8221; header_font_size_tablet=&#8221;59px&#8221; header_font_size_phone=&#8221;46px&#8221; header_font_size_last_edited=&#8221;on|tablet&#8221; sticky_transition=&#8221;on&#8221;]<\/p>\n<p><strong>Lease management software<br \/><\/strong><\/p>\n<p>[\/et_pb_slide][\/et_pb_fullwidth_slider][\/et_pb_section][et_pb_section fb_built=&#8221;1&#8243; _builder_version=&#8221;4.9.2&#8243; _module_preset=&#8221;default&#8221; custom_padding=&#8221;||3px|||&#8221;][et_pb_row _builder_version=&#8221;4.9.2&#8243; _module_preset=&#8221;default&#8221; custom_padding=&#8221;4px|||||&#8221;][et_pb_column type=&#8221;4_4&#8243; _builder_version=&#8221;4.9.2&#8243; _module_preset=&#8221;default&#8221;][dvmd_typewriter content_string=&#8221; a gest\u00e3o de arrendamentos mais simples.&#8221; content_breaks=&#8221;delete&#8221; prefix=&#8221;Gesar&#8221; loop=&#8221;on&#8221; loop_delay=&#8221;15000ms&#8221; cursor_color=&#8221;#0f9fff&#8221; _builder_version=&#8221;4.9.3&#8243; _module_preset=&#8221;default&#8221; text_text_align=&#8221;center&#8221; text_text_color=&#8221;#0C71C3&#8243; text_font_size=&#8221;59.5px&#8221; prefix_text_color=&#8221;#383838&#8243; suffix_text_color=&#8221;#0C71C3&#8243; custom_margin=&#8221;||6px|||&#8221; text_font_size_tablet=&#8221;&#8221; text_font_size_phone=&#8221;39px&#8221; text_font_size_last_edited=&#8221;on|phone&#8221;][\/dvmd_typewriter][et_pb_cta _builder_version=&#8221;4.9.3&#8243; _module_preset=&#8221;default&#8221; header_font_size=&#8221;20px&#8221; body_font_size=&#8221;19.8px&#8221; background_color=&#8221;RGBA(0,0,0,0)&#8221; background_layout=&#8221;light&#8221; custom_padding=&#8221;5px|||||&#8221;]<\/p>\n<p>The software to manage rentals from multiple owners<br \/>For the comprehensive management of income and expenses from rental properties<\/p>\n<p>[\/et_pb_cta][\/et_pb_column][\/et_pb_row][\/et_pb_section][et_pb_section fb_built=&#8221;1&#8243; _builder_version=&#8221;4.9.3&#8243; _module_preset=&#8221;default&#8221; background_color=&#8221;RGBA(0,0,0,0)&#8221; custom_padding=&#8221;||90px|||&#8221;][et_pb_row column_structure=&#8221;1_3,1_3,1_3&#8243; _builder_version=&#8221;4.9.2&#8243; _module_preset=&#8221;default&#8221;][et_pb_column type=&#8221;1_3&#8243; _builder_version=&#8221;4.9.2&#8243; _module_preset=&#8221;default&#8221;][et_pb_blurb title=&#8221;Automatic system&#8221; use_icon=&#8221;on&#8221; font_icon=&#8221;%%362%%&#8221; _builder_version=&#8221;4.9.3&#8243; _module_preset=&#8221;default&#8221; text_orientation=&#8221;center&#8221;]<\/p>\n<p><span>Save time by automatically issuing receipts. The program produces monthly income receipts in batches with automatic calculation of income increases<\/span><\/p>\n<p>[\/et_pb_blurb][\/et_pb_column][et_pb_column type=&#8221;1_3&#8243; _builder_version=&#8221;4.9.2&#8243; _module_preset=&#8221;default&#8221;][et_pb_blurb title=&#8221;Property expenses&#8221; use_icon=&#8221;on&#8221; font_icon=&#8221;%%135%%&#8221; _builder_version=&#8221;4.9.3&#8243; _module_preset=&#8221;default&#8221; text_orientation=&#8221;center&#8221; font_icon__hover_enabled=&#8221;on|desktop&#8221;]<\/p>\n<p><span>Administration fees, condominium fees and other expenses can be automatically posted to the owners&#8217; current account.<\/span><\/p>\n<p>[\/et_pb_blurb][\/et_pb_column][et_pb_column type=&#8221;1_3&#8243; _builder_version=&#8221;4.9.2&#8243; _module_preset=&#8221;default&#8221;][et_pb_blurb title=&#8221;Communication to AT&#8221; use_icon=&#8221;on&#8221; font_icon=&#8221;%%49%%&#8221; content_max_width=&#8221;1096px&#8221; _builder_version=&#8221;4.9.3&#8243; _module_preset=&#8221;default&#8221; text_orientation=&#8221;center&#8221; font_icon__hover_enabled=&#8221;on|desktop&#8221;]<\/p>\n<p><span>Gesar carries out electronic communication of income receipts with the Tax Authority, facilitating the process of sending information.<\/span><\/p>\n<p>[\/et_pb_blurb][\/et_pb_column][\/et_pb_row][et_pb_row column_structure=&#8221;1_3,1_3,1_3&#8243; _builder_version=&#8221;4.9.2&#8243; _module_preset=&#8221;default&#8221;][et_pb_column type=&#8221;1_3&#8243; _builder_version=&#8221;4.9.2&#8243; _module_preset=&#8221;default&#8221;][et_pb_blurb title=&#8221;Complete information&#8221; use_icon=&#8221;on&#8221; font_icon=&#8221;%%71%%&#8221; _builder_version=&#8221;4.9.3&#8243; _module_preset=&#8221;default&#8221; text_orientation=&#8221;center&#8221;]<\/p>\n<p><span>Complete information record: owners, tenants, properties, contracts, rents, condominium, suppliers, types of expenses, etc.<\/span><\/p>\n<p>[\/et_pb_blurb][\/et_pb_column][et_pb_column type=&#8221;1_3&#8243; _builder_version=&#8221;4.9.2&#8243; _module_preset=&#8221;default&#8221;][et_pb_blurb title=&#8221;Documentation&#8221; use_icon=&#8221;on&#8221; font_icon=&#8221;%%72%%&#8221; _builder_version=&#8221;4.9.3&#8243; _module_preset=&#8221;default&#8221; text_orientation=&#8221;center&#8221; font_icon__hover_enabled=&#8221;on|desktop&#8221;]<\/p>\n<p><span>Have the information properly registered in the program, current accounts, contracts, information on contracts to be terminated, among many others.<\/span><\/p>\n<p>[\/et_pb_blurb][\/et_pb_column][et_pb_column type=&#8221;1_3&#8243; _builder_version=&#8221;4.9.2&#8243; _module_preset=&#8221;default&#8221;][et_pb_blurb title=&#8221;Dynamic and current&#8221; use_icon=&#8221;on&#8221; font_icon=&#8221;%%176%%&#8221; content_max_width=&#8221;1096px&#8221; _builder_version=&#8221;4.9.3&#8243; _module_preset=&#8221;default&#8221; text_orientation=&#8221;center&#8221; font_icon__hover_enabled=&#8221;on|desktop&#8221;]<\/p>\n<p><span>Automatic annual update of existing rents and list of contracts to be terminated as well as vacant units.<\/span><\/p>\n<p>[\/et_pb_blurb][\/et_pb_column][\/et_pb_row][et_pb_row column_structure=&#8221;1_3,1_3,1_3&#8243; _builder_version=&#8221;4.9.3&#8243; _module_preset=&#8221;default&#8221;][et_pb_column type=&#8221;1_3&#8243; _builder_version=&#8221;4.9.3&#8243; _module_preset=&#8221;default&#8221;][et_pb_blurb title=&#8221;Billing&#8221; use_icon=&#8221;on&#8221; font_icon=&#8221;%%155%%&#8221; _builder_version=&#8221;4.9.3&#8243; _module_preset=&#8221;default&#8221; text_orientation=&#8221;center&#8221;]<\/p>\n<p><span>Gesar integrates with the Cloudware Business commercial management software, creating fee invoices. <\/span><\/p>\n<p>[\/et_pb_blurb][\/et_pb_column][et_pb_column type=&#8221;1_3&#8243; _builder_version=&#8221;4.9.3&#8243; _module_preset=&#8221;default&#8221;][et_pb_blurb title=&#8221;Multibanco and Payshop&#8221; use_icon=&#8221;on&#8221; font_icon=&#8221;%%113%%&#8221; _builder_version=&#8221;4.9.3&#8243; _module_preset=&#8221;default&#8221; text_orientation=&#8221;center&#8221; font_icon__hover_enabled=&#8221;on|desktop&#8221;]<\/p>\n<p><span>It is possible to pay rent via Multibanco and Payshop with the possibility of automatic sending of receipts by email.<\/span><\/p>\n<p>[\/et_pb_blurb][\/et_pb_column][et_pb_column type=&#8221;1_3&#8243; _builder_version=&#8221;4.9.3&#8243; _module_preset=&#8221;default&#8221;][et_pb_blurb title=&#8221;Connection with Vodafone One Net and IPBrick&#8221; use_icon=&#8221;on&#8221; font_icon=&#8221;%%264%%&#8221; content_max_width=&#8221;1096px&#8221; _builder_version=&#8221;4.9.3&#8243; _module_preset=&#8221;default&#8221; text_orientation=&#8221;center&#8221; font_icon__hover_enabled=&#8221;on|desktop&#8221;]<\/p>\n<p><span>Whenever a condominium owner calls your company, Gecond will first open the respective file and record of the call.<\/span><\/p>\n<p>[\/et_pb_blurb][\/et_pb_column][\/et_pb_row][\/et_pb_section][et_pb_section fb_built=&#8221;1&#8243; _builder_version=&#8221;4.9.3&#8243; _module_preset=&#8221;default&#8221; background_color=&#8221;#EEEEEE&#8221; custom_padding=&#8221;1px||0px|||&#8221;][et_pb_row column_structure=&#8221;3_4,1_4&#8243; _builder_version=&#8221;4.9.3&#8243; _module_preset=&#8221;default&#8221;][et_pb_column type=&#8221;3_4&#8243; _builder_version=&#8221;4.9.3&#8243; _module_preset=&#8221;default&#8221;][et_pb_cta title=&#8221;The ideal complement to Gimob software&#8221; button_text=&#8221;Click Here&#8221; _builder_version=&#8221;4.9.3&#8243; _module_preset=&#8221;default&#8221; background_color=&#8221;RGBA(0,0,0,0)&#8221; text_orientation=&#8221;left&#8221; background_layout=&#8221;light&#8221; custom_padding_tablet=&#8221;&#8221; custom_padding_phone=&#8221;|0px||0px|false|false&#8221; custom_padding_last_edited=&#8221;on|phone&#8221; animation_style=&#8221;slide&#8221; animation_direction=&#8221;left&#8221; hover_enabled=&#8221;0&#8243; header_font_size_tablet=&#8221;&#8221; header_font_size_phone=&#8221;30px&#8221; header_font_size_last_edited=&#8221;on|desktop&#8221; sticky_enabled=&#8221;0&#8243;]<\/p>\n<p>Although it can operate autonomously, Gesar can be integrated with the Gimob real estate software, sharing properties, owners, tenants and much other information.<\/p>\n<p>In this case, the new lease contracts automatically inactivate the property and remove its advertising on the company&#8217;s website and real estate portals.<\/p>\n<p>Also before a contract ends, the property is activated so that advertising can begin on the company&#8217;s website and on real estate portals.<\/p>\n<p>[\/et_pb_cta][\/et_pb_column][et_pb_column type=&#8221;1_4&#8243; _builder_version=&#8221;4.9.3&#8243; _module_preset=&#8221;default&#8221;][et_pb_image src=&#8221;http:\/\/webteam.pt\/wp-content\/uploads\/2021\/03\/real_estate.jpg&#8221; title_text=&#8221;real_estate&#8221; _builder_version=&#8221;4.9.3&#8243; _module_preset=&#8221;default&#8221; hover_enabled=&#8221;0&#8243; animation_style=&#8221;slide&#8221; animation_direction=&#8221;right&#8221; sticky_enabled=&#8221;0&#8243;][\/et_pb_image][\/et_pb_column][\/et_pb_row][\/et_pb_section][et_pb_section fb_built=&#8221;1&#8243; _builder_version=&#8221;4.9.3&#8243; _module_preset=&#8221;default&#8221; custom_padding=&#8221;0px||19px|||&#8221;][\/et_pb_section][et_pb_section fb_built=&#8221;1&#8243; module_id=&#8221;global_form&#8221; _builder_version=&#8221;4.9.2&#8243; _module_preset=&#8221;default&#8221; custom_padding=&#8221;0px|||||&#8221; animation_style=&#8221;fade&#8221; animation_duration=&#8221;1750ms&#8221; global_module=&#8221;586&#8243; saved_tabs=&#8221;all&#8221;][et_pb_row _builder_version=&#8221;4.9.2&#8243; _module_preset=&#8221;default&#8221; width=&#8221;65%&#8221; width_tablet=&#8221;80%&#8221; width_phone=&#8221;95%&#8221; width_last_edited=&#8221;on|phone&#8221; custom_margin=&#8221;-1px|auto||auto||&#8221; custom_padding=&#8221;2px||1px|||&#8221;][et_pb_column type=&#8221;4_4&#8243; _builder_version=&#8221;4.9.2&#8243; _module_preset=&#8221;default&#8221;][et_pb_cta title=&#8221;Discover our solutions&#8221; button_text=&#8221;Click Here&#8221; _builder_version=&#8221;4.9.2&#8243; _module_preset=&#8221;default&#8221; background_color=&#8221;RGBA(0,0,0,0)&#8221; background_layout=&#8221;light&#8221; custom_margin=&#8221;||1px|||&#8221;]<\/p>\n<p><strong>Talk to us, ask us your challenges!<\/strong><br \/><span>Fill out the form, if you prefer, send us an email at<\/span> <a href=\"mailto:info@fieldsystems.pt%C2%A0\">comercial@webteam.pt <\/a> <br \/>ou ligue para<strong><a href=\"mailto:info@fieldsystems.pt%C2%A0\"> +351 214 005 219<\/a><\/strong><\/p>\n<p>[\/et_pb_cta][et_pb_contact_form use_spam_service=&#8221;on&#8221; recaptcha_list=&#8221;add_new_account&#8221; submit_button_text=&#8221;Send&#8221; _builder_version=&#8221;4.9.2&#8243; _module_preset=&#8221;default&#8221; max_width=&#8221;80%&#8221; module_alignment=&#8221;center&#8221;][et_pb_contact_field field_id=&#8221;Name&#8221; field_title=&#8221;Name&#8221; _builder_version=&#8221;4.9.2&#8243; button_text_size__hover_enabled=&#8221;off&#8221; button_one_text_size__hover_enabled=&#8221;off&#8221; button_two_text_size__hover_enabled=&#8221;off&#8221; button_text_color__hover_enabled=&#8221;off&#8221; button_one_text_color__hover_enabled=&#8221;off&#8221; button_two_text_color__hover_enabled=&#8221;off&#8221; button_border_width__hover_enabled=&#8221;off&#8221; button_one_border_width__hover_enabled=&#8221;off&#8221; button_two_border_width__hover_enabled=&#8221;off&#8221; button_border_color__hover_enabled=&#8221;off&#8221; button_one_border_color__hover_enabled=&#8221;off&#8221; button_two_border_color__hover_enabled=&#8221;off&#8221; button_border_radius__hover_enabled=&#8221;off&#8221; button_one_border_radius__hover_enabled=&#8221;off&#8221; button_two_border_radius__hover_enabled=&#8221;off&#8221; button_letter_spacing__hover_enabled=&#8221;off&#8221; button_one_letter_spacing__hover_enabled=&#8221;off&#8221; button_two_letter_spacing__hover_enabled=&#8221;off&#8221; button_bg_color__hover_enabled=&#8221;off&#8221; button_one_bg_color__hover_enabled=&#8221;off&#8221; button_two_bg_color__hover_enabled=&#8221;off&#8221;][\/et_pb_contact_field][et_pb_contact_field field_id=&#8221;Email&#8221; field_title=&#8221;Email&#8221; field_type=&#8221;email&#8221; _builder_version=&#8221;4.9.2&#8243; button_text_size__hover_enabled=&#8221;off&#8221; button_one_text_size__hover_enabled=&#8221;off&#8221; button_two_text_size__hover_enabled=&#8221;off&#8221; button_text_color__hover_enabled=&#8221;off&#8221; button_one_text_color__hover_enabled=&#8221;off&#8221; button_two_text_color__hover_enabled=&#8221;off&#8221; button_border_width__hover_enabled=&#8221;off&#8221; button_one_border_width__hover_enabled=&#8221;off&#8221; button_two_border_width__hover_enabled=&#8221;off&#8221; button_border_color__hover_enabled=&#8221;off&#8221; button_one_border_color__hover_enabled=&#8221;off&#8221; button_two_border_color__hover_enabled=&#8221;off&#8221; button_border_radius__hover_enabled=&#8221;off&#8221; button_one_border_radius__hover_enabled=&#8221;off&#8221; button_two_border_radius__hover_enabled=&#8221;off&#8221; button_letter_spacing__hover_enabled=&#8221;off&#8221; button_one_letter_spacing__hover_enabled=&#8221;off&#8221; button_two_letter_spacing__hover_enabled=&#8221;off&#8221; button_bg_color__hover_enabled=&#8221;off&#8221; button_one_bg_color__hover_enabled=&#8221;off&#8221; button_two_bg_color__hover_enabled=&#8221;off&#8221;][\/et_pb_contact_field][et_pb_contact_field field_id=&#8221;Phone&#8221; field_title=&#8221;Telephone&#8221; _builder_version=&#8221;4.9.2&#8243; _module_preset=&#8221;default&#8221;][\/et_pb_contact_field][et_pb_contact_field field_id=&#8221;subject&#8221; field_title=&#8221;Subject&#8221; field_type=&#8221;select&#8221; select_options=&#8221;%91{%22value%22:%22Custom development &#8211; Software and applications%22,%22checked%22:0,%22dragID%22:-1},{%22value%22:%22Websites%22,%22checked%22:0,%22dragID%22:0},{%22value%22:%22Real Estate &#8211; Gimob CRM%22,%22checked%22:0,%22dragID%22:1},{%22value%22:%22Real Estate &#8211; Gesar%22,%22checked%22:0,%22dragID%22:2},{%22value%22:%22Food, Electronics and Consumer Products Solutions%22,%22checked%22:0,%22dragID%22:3},{%22value%22:%22afluencia.io &#8211; People Counter %22,%22checked%22:0,%22dragID%22:4},{%22value%22:%22Auctys &#8211; Auctions Software%22,%22checked%22:0,%22dragID%22:5},{%22value%22:%22Other%22,%22checked%22:0,%22dragID%22:6}%93&#8243; _builder_version=&#8221;4.9.2&#8243; _module_preset=&#8221;default&#8221;][\/et_pb_contact_field][et_pb_contact_field field_id=&#8221;Mensagem&#8221; field_title=&#8221;Message&#8221; field_type=&#8221;text&#8221; fullwidth_field=&#8221;on&#8221; _builder_version=&#8221;4.9.2&#8243; button_text_size__hover_enabled=&#8221;off&#8221; button_one_text_size__hover_enabled=&#8221;off&#8221; button_two_text_size__hover_enabled=&#8221;off&#8221; button_text_color__hover_enabled=&#8221;off&#8221; button_one_text_color__hover_enabled=&#8221;off&#8221; button_two_text_color__hover_enabled=&#8221;off&#8221; button_border_width__hover_enabled=&#8221;off&#8221; button_one_border_width__hover_enabled=&#8221;off&#8221; button_two_border_width__hover_enabled=&#8221;off&#8221; button_border_color__hover_enabled=&#8221;off&#8221; button_one_border_color__hover_enabled=&#8221;off&#8221; button_two_border_color__hover_enabled=&#8221;off&#8221; button_border_radius__hover_enabled=&#8221;off&#8221; button_one_border_radius__hover_enabled=&#8221;off&#8221; button_two_border_radius__hover_enabled=&#8221;off&#8221; button_letter_spacing__hover_enabled=&#8221;off&#8221; button_one_letter_spacing__hover_enabled=&#8221;off&#8221; button_two_letter_spacing__hover_enabled=&#8221;off&#8221; button_bg_color__hover_enabled=&#8221;off&#8221; button_one_bg_color__hover_enabled=&#8221;off&#8221; button_two_bg_color__hover_enabled=&#8221;off&#8221;][\/et_pb_contact_field][\/et_pb_contact_form][\/et_pb_column][\/et_pb_row][\/et_pb_section]<\/p>\n","protected":false},"excerpt":{"rendered":"<p>Lease management software<div class=\"et_pb_module dvmd_typewriter dvmd_typewriter_0\">\n\t\t\t\t\n\t\t\t\t\n\t\t\t\t\n\t\t\t\t\n\t\t\t\t\n\t\t\t\t\n\t\t\t\t<div class=\"et_pb_module_inner\">\n\t\t\t\t\t\n            <h2 class=\"dvmd_tw_wrapper\"><span class=\"dvmd_tw_prefix\">Gesar<\/span><span class=\"dvmd_tw_content dvmd_typewriter_0_content\"><\/span><\/h2>\n            <script>\n                \/**\n                 * TypeIt - typeitjs.com\n                 * Created by Alex MacArthur.\n                 *\/\n                \n                \n                 new TypeIt('.dvmd_typewriter_0_content', {\n                    html: true,\n                    waitUntilVisible: true,\n                    startDelete: false,\n                    lifeLike: true,\n                    cursor: true,\n                    loop: true,\n                    startDelay: 500,\n                    speed: 100,\n                    deleteSpeed: 30,\n                    cursorSpeed: 1000,\n                    loopDelay: [0, 15000],\n                    cursorChar: '|',\n                    \n                    \n                })\n                .pause(500).type(' a gest\u00e3o de arrendamentos mais simples.').go();\n            <\/script>\n\t\t\t\t<\/div>\n\t\t\t<\/div>The software to manage rentals from multiple ownersFor the comprehensive management of income and expenses from rental propertiesSave time by automatically issuing receipts. The program produces monthly income receipts in [&hellip;]<\/p>\n","protected":false},"author":1,"featured_media":0,"parent":0,"menu_order":0,"comment_status":"closed","ping_status":"closed","template":"","meta":{"_et_pb_use_builder":"on","_et_pb_old_content":"","_et_gb_content_width":"","footnotes":""},"class_list":["post-1116","page","type-page","status-publish","hentry"],"yoast_head":"<!-- This site is optimized with the Yoast SEO plugin v27.3 - https:\/\/yoast.com\/product\/yoast-seo-wordpress\/ -->\n<title>Gesar - Lease management software - webteam<\/title>\n<meta name=\"robots\" content=\"index, follow, max-snippet:-1, max-image-preview:large, max-video-preview:-1\" \/>\n<link rel=\"canonical\" href=\"https:\/\/webteam.pt\/en\/gesar-lease-management-software\/\" \/>\n<meta property=\"og:locale\" content=\"en_US\" \/>\n<meta property=\"og:type\" content=\"article\" \/>\n<meta property=\"og:title\" content=\"Gesar - Lease management software - webteam\" \/>\n<meta property=\"og:description\" content=\"Lease management softwareThe software to manage rentals from multiple ownersFor the comprehensive management of income and expenses from rental propertiesSave time by automatically issuing receipts. The program produces monthly income receipts in [&hellip;]\" \/>\n<meta property=\"og:url\" content=\"https:\/\/webteam.pt\/en\/gesar-lease-management-software\/\" \/>\n<meta property=\"og:site_name\" content=\"webteam\" \/>\n<meta property=\"article:modified_time\" content=\"2023-09-14T19:32:49+00:00\" \/>\n<meta name=\"twitter:card\" content=\"summary_large_image\" \/>\n<meta name=\"twitter:label1\" content=\"Est. reading time\" \/>\n\t<meta name=\"twitter:data1\" content=\"9 minutes\" \/>\n<script type=\"application\/ld+json\" class=\"yoast-schema-graph\">{\"@context\":\"https:\\\/\\\/schema.org\",\"@graph\":[{\"@type\":\"WebPage\",\"@id\":\"https:\\\/\\\/webteam.pt\\\/en\\\/gesar-lease-management-software\\\/\",\"url\":\"https:\\\/\\\/webteam.pt\\\/en\\\/gesar-lease-management-software\\\/\",\"name\":\"Gesar - Lease management software - webteam\",\"isPartOf\":{\"@id\":\"https:\\\/\\\/webteam.pt\\\/en\\\/#website\"},\"datePublished\":\"2021-04-04T14:58:12+00:00\",\"dateModified\":\"2023-09-14T19:32:49+00:00\",\"breadcrumb\":{\"@id\":\"https:\\\/\\\/webteam.pt\\\/en\\\/gesar-lease-management-software\\\/#breadcrumb\"},\"inLanguage\":\"en-US\",\"potentialAction\":[{\"@type\":\"ReadAction\",\"target\":[\"https:\\\/\\\/webteam.pt\\\/en\\\/gesar-lease-management-software\\\/\"]}]},{\"@type\":\"BreadcrumbList\",\"@id\":\"https:\\\/\\\/webteam.pt\\\/en\\\/gesar-lease-management-software\\\/#breadcrumb\",\"itemListElement\":[{\"@type\":\"ListItem\",\"position\":1,\"name\":\"Home\",\"item\":\"https:\\\/\\\/webteam.pt\\\/en\\\/home\\\/\"},{\"@type\":\"ListItem\",\"position\":2,\"name\":\"Gesar &#8211; Lease management software\"}]},{\"@type\":\"WebSite\",\"@id\":\"https:\\\/\\\/webteam.pt\\\/en\\\/#website\",\"url\":\"https:\\\/\\\/webteam.pt\\\/en\\\/\",\"name\":\"webteam\",\"description\":\"Aplica\u00e7\u00f5es e Web como solu\u00e7\u00f5es\",\"potentialAction\":[{\"@type\":\"SearchAction\",\"target\":{\"@type\":\"EntryPoint\",\"urlTemplate\":\"https:\\\/\\\/webteam.pt\\\/en\\\/?s={search_term_string}\"},\"query-input\":{\"@type\":\"PropertyValueSpecification\",\"valueRequired\":true,\"valueName\":\"search_term_string\"}}],\"inLanguage\":\"en-US\"}]}<\/script>\n<!-- \/ Yoast SEO plugin. -->","yoast_head_json":{"title":"Gesar - Lease management software - webteam","robots":{"index":"index","follow":"follow","max-snippet":"max-snippet:-1","max-image-preview":"max-image-preview:large","max-video-preview":"max-video-preview:-1"},"canonical":"https:\/\/webteam.pt\/en\/gesar-lease-management-software\/","og_locale":"en_US","og_type":"article","og_title":"Gesar - Lease management software - webteam","og_description":"Lease management softwareThe software to manage rentals from multiple ownersFor the comprehensive management of income and expenses from rental propertiesSave time by automatically issuing receipts. The program produces monthly income receipts in [&hellip;]","og_url":"https:\/\/webteam.pt\/en\/gesar-lease-management-software\/","og_site_name":"webteam","article_modified_time":"2023-09-14T19:32:49+00:00","twitter_card":"summary_large_image","twitter_misc":{"Est. reading time":"9 minutes"},"schema":{"@context":"https:\/\/schema.org","@graph":[{"@type":"WebPage","@id":"https:\/\/webteam.pt\/en\/gesar-lease-management-software\/","url":"https:\/\/webteam.pt\/en\/gesar-lease-management-software\/","name":"Gesar - Lease management software - webteam","isPartOf":{"@id":"https:\/\/webteam.pt\/en\/#website"},"datePublished":"2021-04-04T14:58:12+00:00","dateModified":"2023-09-14T19:32:49+00:00","breadcrumb":{"@id":"https:\/\/webteam.pt\/en\/gesar-lease-management-software\/#breadcrumb"},"inLanguage":"en-US","potentialAction":[{"@type":"ReadAction","target":["https:\/\/webteam.pt\/en\/gesar-lease-management-software\/"]}]},{"@type":"BreadcrumbList","@id":"https:\/\/webteam.pt\/en\/gesar-lease-management-software\/#breadcrumb","itemListElement":[{"@type":"ListItem","position":1,"name":"Home","item":"https:\/\/webteam.pt\/en\/home\/"},{"@type":"ListItem","position":2,"name":"Gesar &#8211; Lease management software"}]},{"@type":"WebSite","@id":"https:\/\/webteam.pt\/en\/#website","url":"https:\/\/webteam.pt\/en\/","name":"webteam","description":"Aplica\u00e7\u00f5es e Web como solu\u00e7\u00f5es","potentialAction":[{"@type":"SearchAction","target":{"@type":"EntryPoint","urlTemplate":"https:\/\/webteam.pt\/en\/?s={search_term_string}"},"query-input":{"@type":"PropertyValueSpecification","valueRequired":true,"valueName":"search_term_string"}}],"inLanguage":"en-US"}]}},"_links":{"self":[{"href":"https:\/\/webteam.pt\/en\/wp-json\/wp\/v2\/pages\/1116","targetHints":{"allow":["GET"]}}],"collection":[{"href":"https:\/\/webteam.pt\/en\/wp-json\/wp\/v2\/pages"}],"about":[{"href":"https:\/\/webteam.pt\/en\/wp-json\/wp\/v2\/types\/page"}],"author":[{"embeddable":true,"href":"https:\/\/webteam.pt\/en\/wp-json\/wp\/v2\/users\/1"}],"replies":[{"embeddable":true,"href":"https:\/\/webteam.pt\/en\/wp-json\/wp\/v2\/comments?post=1116"}],"version-history":[{"count":6,"href":"https:\/\/webteam.pt\/en\/wp-json\/wp\/v2\/pages\/1116\/revisions"}],"predecessor-version":[{"id":1122,"href":"https:\/\/webteam.pt\/en\/wp-json\/wp\/v2\/pages\/1116\/revisions\/1122"}],"wp:attachment":[{"href":"https:\/\/webteam.pt\/en\/wp-json\/wp\/v2\/media?parent=1116"}],"curies":[{"name":"wp","href":"https:\/\/api.w.org\/{rel}","templated":true}]}}